{"id":477,"date":"2022-05-08T20:11:07","date_gmt":"2022-05-08T18:11:07","guid":{"rendered":"https:\/\/autoadra.pl\/?page_id=477"},"modified":"2022-05-08T20:11:07","modified_gmt":"2022-05-08T18:11:07","slug":"bezgotowkowa-likwidacja-szkod","status":"publish","type":"page","link":"https:\/\/autoadra.pl\/index.php\/bezgotowkowa-likwidacja-szkod\/","title":{"rendered":"Bezgot\u00f3wkowa likwidacja szk\u00f3d"},"content":{"rendered":"<p><b>Bezgot\u00f3wkowa likwidacja szk\u00f3d po wypadku polega na upowa\u017cnieniu wybranego warsztatu do rozliczenia si\u0119 za napraw\u0119 bezpo\u015brednio z ubezpieczycielem. Poszkodowany nie musi kontaktowa\u0107 si\u0119 z zak\u0142adem, a jedynie wype\u0142ni\u0107 dokument, kt\u00f3ry upowa\u017cni do tego warsztat.<\/b><\/p>\n<h2><span style=\"font-size: 14pt;\"><b>Jak przebiega bezgot\u00f3wkowa likwidacja szk\u00f3d?<\/b><\/span><\/h2>\n<p><span style=\"font-weight: 400;\">Je\u017celi zdecydujesz si\u0119 na wariant bezgot\u00f3wkowy (zwany r\u00f3wnie\u017c warsztatowym) lub je\u015bli Twoje ubezpieczenie zak\u0142ada takie rozwi\u0105zanie, nie otrzymasz pieni\u0119dzy od ubezpieczyciela, a zostan\u0105 one przekazane warsztatowi na podstawie wystawionej faktury. Dzi\u0119ki temu, opr\u00f3cz wybrania warsztatu, nie b\u0119dziesz musia\u0142 bra\u0107 udzia\u0142u w likwidacji szkody. Jest to szczeg\u00f3lnie wygodne, je\u015bli nie masz zbyt du\u017co czasu.<\/span><\/p>\n<p><span style=\"font-weight: 400;\">Zalet\u0105 tego rozwi\u0105zania jest r\u00f3wnie\u017c pokrycie wszystkich koszt\u00f3w pracy warsztatu &#8211; np. je\u017celi podczas ogl\u0105dania samochodu zostan\u0105 wykryte dodatkowe szkody wynikaj\u0105ce z wypadku. Niekt\u00f3re zadrapania lub uszkodzenia mog\u0105 zosta\u0107 niezauwa\u017cone przez osob\u0119 przygotowuj\u0105c\u0105 kosztorys, a dopiero przez mechanika po dok\u0142adnych ogl\u0119dzinach. Dzi\u0119ki temu auto na pewno zostanie doprowadzone do takiego samego stanu, w jakim by\u0142o przed wypadkiem.<\/span><\/p>\n<p><span style=\"font-weight: 400;\">Warsztat mo\u017ce przeprowadzi\u0107 bezgot\u00f3wkow\u0105 likwidacj\u0119 szkody na podstawie pisemnego upowa\u017cnienia od poszkodowanego. Przygotowuj\u0105c takie pismo, udzielasz zgod\u0119, aby warsztat m\u00f3g\u0142 odebra\u0107 wynagrodzenia za napraw\u0119 bezpo\u015brednio od ubezpieczyciela.\u00a0<\/span><\/p>\n<p><span style=\"font-weight: 400;\">Je\u017celi Tw\u00f3j samoch\u00f3d jest uszkodzony i potrzebujesz skorzysta\u0107 z us\u0142ug <\/span><a href=\"https:\/\/autoadra.pl\/index.php\/lakiernictwo\/\"><span style=\"font-weight: 400;\">lakierniczych<\/span><\/a><span style=\"font-weight: 400;\"> czy <\/span><a href=\"https:\/\/autoadra.pl\/index.php\/blacharstwo\/\"><span style=\"font-weight: 400;\">blacharskich<\/span><\/a><span style=\"font-weight: 400;\"> skontaktuj si\u0119 z nami. W Auto Adra r\u00f3wnie\u017c mo\u017cesz skorzysta\u0107 z bezgot\u00f3wkowej likwidacji szk\u00f3d &#8211; zar\u00f3wno z OC jak i AC. Wszystkie niezb\u0119dne dokumenty do podpisania upowa\u017cnienia znajdziesz po prawej stronie. Ka\u017cd\u0105 spraw\u0119 weryfikujemy indywidualnie i dostarczymy Ci niezb\u0119dn\u0105 pomoc &#8211; w tym <\/span><a href=\"https:\/\/autoadra.pl\/index.php\/samochody-zastepcze\/\"><span style=\"font-weight: 400;\">auto zast\u0119pcze<\/span><\/a><span style=\"font-weight: 400;\">.\u00a0<\/span><\/p>\n<h2><span style=\"font-size: 14pt;\"><b>Kompleksowe us\u0142ugi w naszym warsztacie we Wroc\u0142awiu<\/b><\/span><\/h2>\n<p><span style=\"font-weight: 400;\">\u015awiadczymy r\u00f3wnie\u017c us\u0142ugi z zakresu <\/span><a href=\"https:\/\/autoadra.pl\/index.php\/ozonowanie-odgrzybianie-klimatyzacji\/\"><span style=\"font-weight: 400;\">odgrzybiania i ozonowanie klimatyzacji<\/span><\/a><span style=\"font-weight: 400;\"> czy <\/span><a href=\"https:\/\/autoadra.pl\/index.php\/spawanie-plastiku\/\"><span style=\"font-weight: 400;\">spawania plastiku<\/span><\/a><span style=\"font-weight: 400;\">, zapewniaj\u0105c kompleksow\u0105 obs\u0142ug\u0119.\u00a0<\/span><\/p>\n<p><span style=\"font-weight: 400;\">Je\u017celi potrzebujesz wyceny swojej szkody, um\u00f3w si\u0119 na wizyt\u0119 w naszym warsztacie przy ulicy Trzebnickiej we Wroc\u0142awiu pod numerem: 607-685-444\u00a0<\/span><\/p>\n","protected":false},"excerpt":{"rendered":"<p>Bezgot\u00f3wkowa likwidacja szk\u00f3d po wypadku polega na upowa\u017cnieniu wybranego warsztatu do rozliczenia si\u0119 za napraw\u0119 bezpo\u015brednio z ubezpieczycielem. Poszkodowany nie musi kontaktowa\u0107 si\u0119 z zak\u0142adem, a jedynie wype\u0142ni\u0107 dokument, kt\u00f3ry upowa\u017cni do tego warsztat. Jak przebiega bezgot\u00f3wkowa likwidacja szk\u00f3d? Je\u017celi zdecydujesz si\u0119 na wariant bezgot\u00f3wkowy (zwany r\u00f3wnie\u017c warsztatowym) lub je\u015bli Twoje ubezpieczenie zak\u0142ada takie rozwi\u0105zanie, nie otrzymasz pieni\u0119dzy od ubezpieczyciela, a zostan\u0105 one przekazane warsztatowi na podstawie wystawionej faktury. Dzi\u0119ki temu, opr\u00f3cz wybrania warsztatu, nie b\u0119dziesz musia\u0142 bra\u0107 udzia\u0142u w likwidacji szkody. Jest to szczeg\u00f3lnie wygodne, je\u015bli nie masz zbyt du\u017co czasu. Zalet\u0105 tego rozwi\u0105zania jest r\u00f3wnie\u017c pokrycie wszystkich koszt\u00f3w pracy warsztatu &#8211; np. je\u017celi podczas ogl\u0105dania samochodu zostan\u0105 wykryte dodatkowe szkody wynikaj\u0105ce z wypadku. Niekt\u00f3re zadrapania lub uszkodzenia mog\u0105 zosta\u0107 niezauwa\u017cone przez osob\u0119 przygotowuj\u0105c\u0105 kosztorys, a dopiero przez mechanika po dok\u0142adnych ogl\u0119dzinach. Dzi\u0119ki temu auto na pewno zostanie doprowadzone do takiego samego stanu, w jakim by\u0142o przed wypadkiem. Warsztat mo\u017ce przeprowadzi\u0107 bezgot\u00f3wkow\u0105 likwidacj\u0119 szkody na podstawie pisemnego upowa\u017cnienia od poszkodowanego. Przygotowuj\u0105c takie pismo, udzielasz zgod\u0119, aby warsztat m\u00f3g\u0142 odebra\u0107 wynagrodzenia za napraw\u0119 bezpo\u015brednio od ubezpieczyciela.\u00a0 Je\u017celi Tw\u00f3j samoch\u00f3d jest uszkodzony i potrzebujesz skorzysta\u0107 z us\u0142ug lakierniczych czy blacharskich skontaktuj si\u0119 z nami. W Auto Adra r\u00f3wnie\u017c mo\u017cesz skorzysta\u0107 z bezgot\u00f3wkowej likwidacji szk\u00f3d &#8211; zar\u00f3wno z OC jak i AC. Wszystkie niezb\u0119dne dokumenty do podpisania upowa\u017cnienia znajdziesz po prawej stronie. Ka\u017cd\u0105 spraw\u0119 weryfikujemy indywidualnie i dostarczymy Ci niezb\u0119dn\u0105 pomoc &#8211; w tym auto zast\u0119pcze.\u00a0 Kompleksowe us\u0142ugi w naszym warsztacie we Wroc\u0142awiu \u015awiadczymy r\u00f3wnie\u017c us\u0142ugi z zakresu odgrzybiania i ozonowanie klimatyzacji czy spawania plastiku, zapewniaj\u0105c kompleksow\u0105 obs\u0142ug\u0119.\u00a0 Je\u017celi potrzebujesz wyceny swojej szkody, um\u00f3w si\u0119 na wizyt\u0119 w naszym warsztacie przy ulicy Trzebnickiej we Wroc\u0142awiu pod numerem: 607-685-444\u00a0<\/p>\n","protected":false},"author":1,"featured_media":0,"parent":0,"menu_order":0,"comment_status":"closed","ping_status":"closed","template":"","meta":{"footnotes":""},"class_list":["post-477","page","type-page","status-publish","hentry"],"yoast_head":"<!-- This site is optimized with the Yoast SEO plugin v26.3 - https:\/\/yoast.com\/wordpress\/plugins\/seo\/ -->\n<title>Bezgot\u00f3wkowa likwidacja szk\u00f3d - Auto Adra<\/title>\n<meta name=\"description\" content=\"W Auto Adra mo\u017cesz skorzysta\u0107 z bezgot\u00f3wkowej likwidacji szk\u00f3d - zar\u00f3wno z OC jak i AC. Dostarczymy Ci niezb\u0119dn\u0105 pomoc - w tym auto zast\u0119pcze.\u00a0\" \/>\n<meta name=\"robots\" content=\"index, follow, max-snippet:-1, max-image-preview:large, max-video-preview:-1\" \/>\n<link rel=\"canonical\" href=\"https:\/\/autoadra.pl\/index.php\/bezgotowkowa-likwidacja-szkod\/\" \/>\n<meta property=\"og:locale\" content=\"pl_PL\" \/>\n<meta property=\"og:type\" content=\"article\" \/>\n<meta property=\"og:title\" content=\"Bezgot\u00f3wkowa likwidacja szk\u00f3d - Auto Adra\" \/>\n<meta property=\"og:description\" content=\"W Auto Adra mo\u017cesz skorzysta\u0107 z bezgot\u00f3wkowej likwidacji szk\u00f3d - zar\u00f3wno z OC jak i AC. Dostarczymy Ci niezb\u0119dn\u0105 pomoc - w tym auto zast\u0119pcze.\u00a0\" \/>\n<meta property=\"og:url\" content=\"https:\/\/autoadra.pl\/index.php\/bezgotowkowa-likwidacja-szkod\/\" \/>\n<meta property=\"og:site_name\" content=\"Auto Adra\" \/>\n<meta property=\"article:publisher\" content=\"https:\/\/www.facebook.com\/AutoAdra\/\" \/>\n<meta name=\"twitter:card\" content=\"summary_large_image\" \/>\n<meta name=\"twitter:label1\" content=\"Szacowany czas czytania\" \/>\n\t<meta name=\"twitter:data1\" content=\"2 minuty\" \/>\n<script type=\"application\/ld+json\" class=\"yoast-schema-graph\">{\"@context\":\"https:\/\/schema.org\",\"@graph\":[{\"@type\":\"WebPage\",\"@id\":\"https:\/\/autoadra.pl\/index.php\/bezgotowkowa-likwidacja-szkod\/\",\"url\":\"https:\/\/autoadra.pl\/index.php\/bezgotowkowa-likwidacja-szkod\/\",\"name\":\"Bezgot\u00f3wkowa likwidacja szk\u00f3d - Auto Adra\",\"isPartOf\":{\"@id\":\"https:\/\/autoadra.pl\/#website\"},\"datePublished\":\"2022-05-08T18:11:07+00:00\",\"description\":\"W Auto Adra mo\u017cesz skorzysta\u0107 z bezgot\u00f3wkowej likwidacji szk\u00f3d - zar\u00f3wno z OC jak i AC. Dostarczymy Ci niezb\u0119dn\u0105 pomoc - w tym auto zast\u0119pcze.\u00a0\",\"breadcrumb\":{\"@id\":\"https:\/\/autoadra.pl\/index.php\/bezgotowkowa-likwidacja-szkod\/#breadcrumb\"},\"inLanguage\":\"pl-PL\",\"potentialAction\":[{\"@type\":\"ReadAction\",\"target\":[\"https:\/\/autoadra.pl\/index.php\/bezgotowkowa-likwidacja-szkod\/\"]}]},{\"@type\":\"BreadcrumbList\",\"@id\":\"https:\/\/autoadra.pl\/index.php\/bezgotowkowa-likwidacja-szkod\/#breadcrumb\",\"itemListElement\":[{\"@type\":\"ListItem\",\"position\":1,\"name\":\"Strona g\u0142\u00f3wna\",\"item\":\"https:\/\/autoadra.pl\/\"},{\"@type\":\"ListItem\",\"position\":2,\"name\":\"Bezgot\u00f3wkowa likwidacja szk\u00f3d\"}]},{\"@type\":\"WebSite\",\"@id\":\"https:\/\/autoadra.pl\/#website\",\"url\":\"https:\/\/autoadra.pl\/\",\"name\":\"Auto Adra\",\"description\":\"Blacharstwo Lakiernictwo Wroc\u0142aw\",\"publisher\":{\"@id\":\"https:\/\/autoadra.pl\/#organization\"},\"potentialAction\":[{\"@type\":\"SearchAction\",\"target\":{\"@type\":\"EntryPoint\",\"urlTemplate\":\"https:\/\/autoadra.pl\/?s={search_term_string}\"},\"query-input\":{\"@type\":\"PropertyValueSpecification\",\"valueRequired\":true,\"valueName\":\"search_term_string\"}}],\"inLanguage\":\"pl-PL\"},{\"@type\":\"Organization\",\"@id\":\"https:\/\/autoadra.pl\/#organization\",\"name\":\"Auto Adra\",\"url\":\"https:\/\/autoadra.pl\/\",\"logo\":{\"@type\":\"ImageObject\",\"inLanguage\":\"pl-PL\",\"@id\":\"https:\/\/autoadra.pl\/#\/schema\/logo\/image\/\",\"url\":\"https:\/\/autoadra.pl\/wp-content\/uploads\/2020\/06\/logo_n-czyste-\u2014-kopia-1.png\",\"contentUrl\":\"https:\/\/autoadra.pl\/wp-content\/uploads\/2020\/06\/logo_n-czyste-\u2014-kopia-1.png\",\"width\":450,\"height\":126,\"caption\":\"Auto Adra\"},\"image\":{\"@id\":\"https:\/\/autoadra.pl\/#\/schema\/logo\/image\/\"},\"sameAs\":[\"https:\/\/www.facebook.com\/AutoAdra\/\"]}]}<\/script>\n<!-- \/ Yoast SEO plugin. -->","yoast_head_json":{"title":"Bezgot\u00f3wkowa likwidacja szk\u00f3d - Auto Adra","description":"W Auto Adra mo\u017cesz skorzysta\u0107 z bezgot\u00f3wkowej likwidacji szk\u00f3d - zar\u00f3wno z OC jak i AC. Dostarczymy Ci niezb\u0119dn\u0105 pomoc - w tym auto zast\u0119pcze.\u00a0","robots":{"index":"index","follow":"follow","max-snippet":"max-snippet:-1","max-image-preview":"max-image-preview:large","max-video-preview":"max-video-preview:-1"},"canonical":"https:\/\/autoadra.pl\/index.php\/bezgotowkowa-likwidacja-szkod\/","og_locale":"pl_PL","og_type":"article","og_title":"Bezgot\u00f3wkowa likwidacja szk\u00f3d - Auto Adra","og_description":"W Auto Adra mo\u017cesz skorzysta\u0107 z bezgot\u00f3wkowej likwidacji szk\u00f3d - zar\u00f3wno z OC jak i AC. Dostarczymy Ci niezb\u0119dn\u0105 pomoc - w tym auto zast\u0119pcze.\u00a0","og_url":"https:\/\/autoadra.pl\/index.php\/bezgotowkowa-likwidacja-szkod\/","og_site_name":"Auto Adra","article_publisher":"https:\/\/www.facebook.com\/AutoAdra\/","twitter_card":"summary_large_image","twitter_misc":{"Szacowany czas czytania":"2 minuty"},"schema":{"@context":"https:\/\/schema.org","@graph":[{"@type":"WebPage","@id":"https:\/\/autoadra.pl\/index.php\/bezgotowkowa-likwidacja-szkod\/","url":"https:\/\/autoadra.pl\/index.php\/bezgotowkowa-likwidacja-szkod\/","name":"Bezgot\u00f3wkowa likwidacja szk\u00f3d - Auto Adra","isPartOf":{"@id":"https:\/\/autoadra.pl\/#website"},"datePublished":"2022-05-08T18:11:07+00:00","description":"W Auto Adra mo\u017cesz skorzysta\u0107 z bezgot\u00f3wkowej likwidacji szk\u00f3d - zar\u00f3wno z OC jak i AC. Dostarczymy Ci niezb\u0119dn\u0105 pomoc - w tym auto zast\u0119pcze.\u00a0","breadcrumb":{"@id":"https:\/\/autoadra.pl\/index.php\/bezgotowkowa-likwidacja-szkod\/#breadcrumb"},"inLanguage":"pl-PL","potentialAction":[{"@type":"ReadAction","target":["https:\/\/autoadra.pl\/index.php\/bezgotowkowa-likwidacja-szkod\/"]}]},{"@type":"BreadcrumbList","@id":"https:\/\/autoadra.pl\/index.php\/bezgotowkowa-likwidacja-szkod\/#breadcrumb","itemListElement":[{"@type":"ListItem","position":1,"name":"Strona g\u0142\u00f3wna","item":"https:\/\/autoadra.pl\/"},{"@type":"ListItem","position":2,"name":"Bezgot\u00f3wkowa likwidacja szk\u00f3d"}]},{"@type":"WebSite","@id":"https:\/\/autoadra.pl\/#website","url":"https:\/\/autoadra.pl\/","name":"Auto Adra","description":"Blacharstwo Lakiernictwo Wroc\u0142aw","publisher":{"@id":"https:\/\/autoadra.pl\/#organization"},"potentialAction":[{"@type":"SearchAction","target":{"@type":"EntryPoint","urlTemplate":"https:\/\/autoadra.pl\/?s={search_term_string}"},"query-input":{"@type":"PropertyValueSpecification","valueRequired":true,"valueName":"search_term_string"}}],"inLanguage":"pl-PL"},{"@type":"Organization","@id":"https:\/\/autoadra.pl\/#organization","name":"Auto Adra","url":"https:\/\/autoadra.pl\/","logo":{"@type":"ImageObject","inLanguage":"pl-PL","@id":"https:\/\/autoadra.pl\/#\/schema\/logo\/image\/","url":"https:\/\/autoadra.pl\/wp-content\/uploads\/2020\/06\/logo_n-czyste-\u2014-kopia-1.png","contentUrl":"https:\/\/autoadra.pl\/wp-content\/uploads\/2020\/06\/logo_n-czyste-\u2014-kopia-1.png","width":450,"height":126,"caption":"Auto Adra"},"image":{"@id":"https:\/\/autoadra.pl\/#\/schema\/logo\/image\/"},"sameAs":["https:\/\/www.facebook.com\/AutoAdra\/"]}]}},"_links":{"self":[{"href":"https:\/\/autoadra.pl\/index.php\/wp-json\/wp\/v2\/pages\/477","targetHints":{"allow":["GET"]}}],"collection":[{"href":"https:\/\/autoadra.pl\/index.php\/wp-json\/wp\/v2\/pages"}],"about":[{"href":"https:\/\/autoadra.pl\/index.php\/wp-json\/wp\/v2\/types\/page"}],"author":[{"embeddable":true,"href":"https:\/\/autoadra.pl\/index.php\/wp-json\/wp\/v2\/users\/1"}],"replies":[{"embeddable":true,"href":"https:\/\/autoadra.pl\/index.php\/wp-json\/wp\/v2\/comments?post=477"}],"version-history":[{"count":3,"href":"https:\/\/autoadra.pl\/index.php\/wp-json\/wp\/v2\/pages\/477\/revisions"}],"predecessor-version":[{"id":480,"href":"https:\/\/autoadra.pl\/index.php\/wp-json\/wp\/v2\/pages\/477\/revisions\/480"}],"wp:attachment":[{"href":"https:\/\/autoadra.pl\/index.php\/wp-json\/wp\/v2\/media?parent=477"}],"curies":[{"name":"wp","href":"https:\/\/api.w.org\/{rel}","templated":true}]}}