{"id":2,"date":"2020-06-06T12:56:58","date_gmt":"2020-06-06T10:56:58","guid":{"rendered":"https:\/\/autoadra.pl\/?page_id=2"},"modified":"2022-02-06T15:10:13","modified_gmt":"2022-02-06T14:10:13","slug":"samochody-zastepcze","status":"publish","type":"page","link":"https:\/\/autoadra.pl\/index.php\/samochody-zastepcze\/","title":{"rendered":"Samochody zast\u0119pcze"},"content":{"rendered":"\r\n<h2 style=\"text-align: center;\"><span style=\"font-size: 14pt;\"><strong>Samochody zast\u0119pcze na czas naprawy<br \/><\/strong><\/span><\/h2>\r\n<table style=\"width: 100%; border-collapse: collapse; border-color: #000000;\">\r\n<tbody>\r\n<tr>\r\n<td style=\"width: 29.6184%;\">\r\n<p><img loading=\"lazy\" decoding=\"async\" class=\"alignnone wp-image-211 size-medium\" title=\"Auto Adra Samochody Zast\u0119pcze\" src=\"https:\/\/autoadra.pl\/wp-content\/uploads\/2020\/06\/MG_4824-300x200.jpg\" alt=\"Auto Adra Samochody zast\u0119pcze\" width=\"300\" height=\"200\" srcset=\"https:\/\/autoadra.pl\/wp-content\/uploads\/2020\/06\/MG_4824-300x200.jpg 300w, https:\/\/autoadra.pl\/wp-content\/uploads\/2020\/06\/MG_4824-1024x683.jpg 1024w, https:\/\/autoadra.pl\/wp-content\/uploads\/2020\/06\/MG_4824-768x512.jpg 768w, https:\/\/autoadra.pl\/wp-content\/uploads\/2020\/06\/MG_4824-1536x1024.jpg 1536w, https:\/\/autoadra.pl\/wp-content\/uploads\/2020\/06\/MG_4824-1140x760.jpg 1140w, https:\/\/autoadra.pl\/wp-content\/uploads\/2020\/06\/MG_4824.jpg 1800w\" sizes=\"auto, (max-width: 300px) 100vw, 300px\" \/><\/p>\r\n<\/td>\r\n<td style=\"width: 70.3816%;\">\r\n<p style=\"text-align: center;\"><strong>\u00a0<\/strong><\/p>\r\n<p>Mia\u0142e\u015b szkod\u0119 nie ze swojej winy? Mo\u017cemy darmowo udost\u0119pni\u0107 ci samoch\u00f3d zast\u0119pczy. Koszty pokrywa ubezpieczalnia sprawcy, a ty nie musisz rezygnowa\u0107 ze swoich zaplanowanych podr\u00f3\u017cy.<\/p>\r\n<p>Czy tw\u00f3j pojazd jest jezdny? Je\u015bli tak, udost\u0119pnimy ci samoch\u00f3d zast\u0119pczy na technologiczny czas naprawy. Je\u015bli nie jest jezdny, oznacza to, \u017ce nie mo\u017cesz go u\u017cytkowa\u0107. W konsekwencji samoch\u00f3d zast\u0119pczy przys\u0142uguje ci zawsze na ca\u0142y okres likwidacji szkody. Przeczytaj poni\u017cej, co konkretnie oznaczaj\u0105 te poj\u0119cia.\u00a0<\/p>\r\n<p>&nbsp;<\/p>\r\n<\/td>\r\n<\/tr>\r\n<\/tbody>\r\n<\/table>\r\n<h2 style=\"text-align: center;\"><strong><span style=\"font-size: 14pt;\">Samoch\u00f3d jezdny czy niejezdny?<\/span> <\/strong><\/h2>\r\n\r\n\r\n\r\n<table style=\"border-collapse: collapse; width: 100%;\">\r\n<tbody>\r\n<tr>\r\n<td style=\"width: 76.707%;\">\r\n<p><strong>Co to znaczy<\/strong>, \u017ce samoch\u00f3d nie jest jezdny? Jest to stan gdy samoch\u00f3d nie mo\u017ce jecha\u0107 np. je\u015bli zbita jest lampa, zderzak zwisa do ziemi lub gdy w aucie urwa\u0142o si\u0119 ko\u0142o. Jednak to nie s\u0105 jedyne przypadki!<\/p>\r\n<p>Auto niejezdne to takie, kt\u00f3re nie mo\u017ce zosta\u0107 dopuszczone do ruchu, a co za tym idzie, za kt\u00f3rego stan grozi zabranie dowodu rejestracyjnego. Wszystko to czego diagnosta nie zaakceptowa\u0142by na przegl\u0105dzie rejestracyjnym kwalifikuje ci\u0119 do wynaj\u0119cia samochodu zast\u0119pczego. Dodatkowo, w takim przypadku na miejsce wypadku musi <a href=\"https:\/\/autoadra.pl\/index.php\/2021\/10\/05\/kiedy-wezwac-lawete\/\">zosta\u0107 wezwana laweta<\/a>, a samoch\u00f3d zostanie przetransportowany prosto do warsztatu.\u00a0<\/p>\r\n<h3><span style=\"font-size: 12pt;\">Kiedy samoch\u00f3d jest niejezdny?<\/h3>\r\n<ul>\r\n<li>Wystaj\u0105ce elementy karoserii i zawieszenia.<\/li>\r\n<li>Zbita lub p\u0119kni\u0119ta szyba zar\u00f3wno przednia, tylna jak i boczne.<\/li>\r\n<li>Zbite lub p\u0119kni\u0119te \u015bwiat\u0142a stwarzaj\u0105 zagro\u017cenie w ruchu, wi\u0119c reflektory, halogeny, kierunkowskazy, tylne lampy maj\u0105 znaczenie.<\/li>\r\n<li>Uszkodzona opona, niezale\u017cnie od tego czy jest przebita czy rozci\u0119ta.<\/li>\r\n<li>Niezamykaj\u0105ce si\u0119 kt\u00f3rekolwiek z drzwi.<\/li>\r\n<li>Niezamykaj\u0105ca si\u0119 maska silnika.<\/li>\r\n<\/ul>\r\n<\/td>\r\n<td style=\"width: 23.293%;\">\r\n<p><img loading=\"lazy\" decoding=\"async\" class=\"alignnone wp-image-215\" title=\"Auto Adra Samochody zast\u0119pcze\" src=\"https:\/\/autoadra.pl\/wp-content\/uploads\/2020\/06\/MG_4781-as-Smart-Object-1-239x300.jpg\" alt=\"Auto Adra samochody zast\u0119pcze\" width=\"153\" height=\"192\" srcset=\"https:\/\/autoadra.pl\/wp-content\/uploads\/2020\/06\/MG_4781-as-Smart-Object-1-239x300.jpg 239w, https:\/\/autoadra.pl\/wp-content\/uploads\/2020\/06\/MG_4781-as-Smart-Object-1-814x1024.jpg 814w, https:\/\/autoadra.pl\/wp-content\/uploads\/2020\/06\/MG_4781-as-Smart-Object-1-768x966.jpg 768w, https:\/\/autoadra.pl\/wp-content\/uploads\/2020\/06\/MG_4781-as-Smart-Object-1-1221x1536.jpg 1221w, https:\/\/autoadra.pl\/wp-content\/uploads\/2020\/06\/MG_4781-as-Smart-Object-1-1140x1434.jpg 1140w, https:\/\/autoadra.pl\/wp-content\/uploads\/2020\/06\/MG_4781-as-Smart-Object-1.jpg 1431w\" sizes=\"auto, (max-width: 153px) 100vw, 153px\" \/><\/p>\r\n<\/td>\r\n<\/tr>\r\n<\/tbody>\r\n<\/table>\r\n<p>W naszej ofercie znajdziesz samochody segmentu B oraz D. Ponadto wsp\u00f3\u0142pracujemy z zewn\u0119trzn\u0105 firm\u0105 wynajmuj\u0105c\u0105 samochody, gdyby\u015b potrzebowa\u0142 auta innej klasy.<\/p>\r\n<table style=\"border-collapse: collapse; width: 98.795%; height: 113px;\">\r\n<tbody>\r\n<tr style=\"height: 122px;\">\r\n<td style=\"width: 117.577%; height: 113px;\">\r\n<h3 style=\"text-align: center;\"><span style=\"font-size: 12pt;\">Dost\u0119pne samochody zast\u0119pcze:<\/h3>\r\n<p style=\"text-align: center;\"><a href=\"https:\/\/autoadra.pl\/index.php\/samochod-zastepczy-ford-mondeo\/\">Ford Mondeo<\/a><\/p>\r\n<p style=\"text-align: center;\"><a href=\"https:\/\/autoadra.pl\/index.php\/samochod-zastepczy-citroen-c3\/\" target=\"_blank\" rel=\"noopener noreferrer\">Citroen C3<\/a><\/p>\r\n<p style=\"text-align: center;\">Je\u015bli masz jakiekolwiek w\u0105tpliwo\u015bci co do tego czy przys\u0142uguje ci samoch\u00f3d zast\u0119pczy zadzwo\u0144 do nas! Odpowiemy na wszystkie Twoje pytania zwi\u0105zane zar\u00f3wno z wynajmem jak i rozliczeniem oraz napraw\u0105 samochodu. Zajmiemy si\u0119 za ciebie ca\u0142ym uci\u0105\u017cliwym kontaktem z towarzystwem ubezpieczeniowym.<\/p>\r\n<p style=\"text-align: center;\"><a href=\"https:\/\/autoadra.pl\/index.php\/kontakt\/\" target=\"_blank\" rel=\"noopener noreferrer\">Kontakt<\/a><\/p>\r\n<p style=\"text-align: center;\"><a href=\"https:\/\/www.facebook.com\/AutoAdra\/\">Nasz facebook<\/a><\/p>\r\n<\/td>\r\n<td style=\"width: 81.0777%; height: 113px;\">\r\n<p style=\"text-align: center;\">\u00a0<\/p>\r\n<p>&nbsp;<\/p>\r\n<\/td>\r\n<\/tr>\r\n<\/tbody>\r\n<\/table>\r\n<p>&nbsp;<\/p>\r\n","protected":false},"excerpt":{"rendered":"<p>Samochody zast\u0119pcze na czas naprawy \u00a0 Mia\u0142e\u015b szkod\u0119 nie ze swojej winy? Mo\u017cemy darmowo udost\u0119pni\u0107 ci samoch\u00f3d zast\u0119pczy. Koszty pokrywa ubezpieczalnia sprawcy, a ty nie musisz rezygnowa\u0107 ze swoich zaplanowanych podr\u00f3\u017cy. Czy tw\u00f3j pojazd jest jezdny? Je\u015bli tak, udost\u0119pnimy ci samoch\u00f3d zast\u0119pczy na technologiczny czas naprawy. Je\u015bli nie jest jezdny, oznacza to, \u017ce nie mo\u017cesz go u\u017cytkowa\u0107. W konsekwencji samoch\u00f3d zast\u0119pczy przys\u0142uguje ci zawsze na ca\u0142y okres likwidacji szkody. Przeczytaj poni\u017cej, co konkretnie oznaczaj\u0105 te poj\u0119cia.\u00a0 &nbsp; Samoch\u00f3d jezdny czy niejezdny? Co to znaczy, \u017ce samoch\u00f3d nie jest jezdny? Jest to stan gdy samoch\u00f3d nie mo\u017ce jecha\u0107 np. je\u015bli zbita jest lampa, zderzak zwisa do ziemi lub gdy w aucie urwa\u0142o si\u0119 ko\u0142o. Jednak to nie s\u0105 jedyne przypadki! Auto niejezdne to takie, kt\u00f3re nie mo\u017ce zosta\u0107 dopuszczone do ruchu, a co za tym idzie, za kt\u00f3rego stan grozi zabranie dowodu rejestracyjnego. Wszystko to czego diagnosta nie zaakceptowa\u0142by na przegl\u0105dzie rejestracyjnym kwalifikuje ci\u0119 do wynaj\u0119cia samochodu zast\u0119pczego. Dodatkowo, w takim przypadku na miejsce wypadku musi zosta\u0107 wezwana laweta, a samoch\u00f3d zostanie przetransportowany prosto do warsztatu.\u00a0 Kiedy samoch\u00f3d jest niejezdny? Wystaj\u0105ce elementy karoserii i zawieszenia. Zbita lub p\u0119kni\u0119ta szyba zar\u00f3wno przednia, tylna jak i boczne. Zbite lub p\u0119kni\u0119te \u015bwiat\u0142a stwarzaj\u0105 zagro\u017cenie w ruchu, wi\u0119c reflektory, halogeny, kierunkowskazy, tylne lampy maj\u0105 znaczenie. Uszkodzona opona, niezale\u017cnie od tego czy jest przebita czy rozci\u0119ta. Niezamykaj\u0105ce si\u0119 kt\u00f3rekolwiek z drzwi. Niezamykaj\u0105ca si\u0119 maska silnika. W naszej ofercie znajdziesz samochody segmentu B oraz D. Ponadto wsp\u00f3\u0142pracujemy z zewn\u0119trzn\u0105 firm\u0105 wynajmuj\u0105c\u0105 samochody, gdyby\u015b potrzebowa\u0142 auta innej klasy. Dost\u0119pne samochody zast\u0119pcze: Ford Mondeo Citroen C3 Je\u015bli masz jakiekolwiek w\u0105tpliwo\u015bci co do tego czy przys\u0142uguje ci samoch\u00f3d zast\u0119pczy zadzwo\u0144 do nas! Odpowiemy na wszystkie Twoje pytania zwi\u0105zane zar\u00f3wno z wynajmem jak i rozliczeniem oraz napraw\u0105 samochodu. Zajmiemy si\u0119 za ciebie ca\u0142ym uci\u0105\u017cliwym kontaktem z towarzystwem ubezpieczeniowym. Kontakt Nasz facebook \u00a0 &nbsp; &nbsp;<\/p>\n","protected":false},"author":1,"featured_media":0,"parent":0,"menu_order":0,"comment_status":"closed","ping_status":"closed","template":"","meta":{"footnotes":""},"class_list":["post-2","page","type-page","status-publish","hentry"],"yoast_head":"<!-- This site is optimized with the Yoast SEO plugin v26.3 - https:\/\/yoast.com\/wordpress\/plugins\/seo\/ -->\n<title>Auto Adra - Samochody zast\u0119pcze - zadzwo\u0144 i um\u00f3w si\u0119 na odbi\u00f3r auta<\/title>\n<meta name=\"description\" content=\"Darmowe samochody zast\u0119pcze po st\u0142uczce? My zajmujemy si\u0119 formalno\u015bciami, ubezpieczalnia pokrywa koszty, ty niczym si\u0119 nie martwisz.\" \/>\n<meta name=\"robots\" content=\"index, follow, max-snippet:-1, max-image-preview:large, max-video-preview:-1\" \/>\n<link rel=\"canonical\" href=\"https:\/\/autoadra.pl\/index.php\/samochody-zastepcze\/\" \/>\n<meta property=\"og:locale\" content=\"pl_PL\" \/>\n<meta property=\"og:type\" content=\"article\" \/>\n<meta property=\"og:title\" content=\"Samoch\u00f3d zast\u0119pczy\" \/>\n<meta property=\"og:description\" content=\"Darmowe samochody zast\u0119pcze po st\u0142uczce? My zajmujemy si\u0119 formalno\u015bciami, ubezpieczalnia pokrywa koszty, ty niczym si\u0119 nie martwisz.\" \/>\n<meta property=\"og:url\" content=\"https:\/\/autoadra.pl\/index.php\/samochody-zastepcze\/\" \/>\n<meta property=\"og:site_name\" content=\"Auto Adra\" \/>\n<meta property=\"article:publisher\" content=\"https:\/\/www.facebook.com\/AutoAdra\/\" \/>\n<meta property=\"article:modified_time\" content=\"2022-02-06T14:10:13+00:00\" \/>\n<meta property=\"og:image\" content=\"https:\/\/autoadra.pl\/wp-content\/uploads\/2020\/06\/MG_4824.jpg\" \/>\n\t<meta property=\"og:image:width\" content=\"1800\" \/>\n\t<meta property=\"og:image:height\" content=\"1200\" \/>\n\t<meta property=\"og:image:type\" content=\"image\/jpeg\" \/>\n<meta name=\"twitter:card\" content=\"summary_large_image\" \/>\n<meta name=\"twitter:label1\" content=\"Szacowany czas czytania\" \/>\n\t<meta name=\"twitter:data1\" content=\"3 minuty\" \/>\n<script type=\"application\/ld+json\" class=\"yoast-schema-graph\">{\"@context\":\"https:\/\/schema.org\",\"@graph\":[{\"@type\":\"WebPage\",\"@id\":\"https:\/\/autoadra.pl\/index.php\/samochody-zastepcze\/\",\"url\":\"https:\/\/autoadra.pl\/index.php\/samochody-zastepcze\/\",\"name\":\"Auto Adra - Samochody zast\u0119pcze - zadzwo\u0144 i um\u00f3w si\u0119 na odbi\u00f3r auta\",\"isPartOf\":{\"@id\":\"https:\/\/autoadra.pl\/#website\"},\"primaryImageOfPage\":{\"@id\":\"https:\/\/autoadra.pl\/index.php\/samochody-zastepcze\/#primaryimage\"},\"image\":{\"@id\":\"https:\/\/autoadra.pl\/index.php\/samochody-zastepcze\/#primaryimage\"},\"thumbnailUrl\":\"https:\/\/autoadra.pl\/wp-content\/uploads\/2020\/06\/MG_4824-300x200.jpg\",\"datePublished\":\"2020-06-06T10:56:58+00:00\",\"dateModified\":\"2022-02-06T14:10:13+00:00\",\"description\":\"Darmowe samochody zast\u0119pcze po st\u0142uczce? My zajmujemy si\u0119 formalno\u015bciami, ubezpieczalnia pokrywa koszty, ty niczym si\u0119 nie martwisz.\",\"breadcrumb\":{\"@id\":\"https:\/\/autoadra.pl\/index.php\/samochody-zastepcze\/#breadcrumb\"},\"inLanguage\":\"pl-PL\",\"potentialAction\":[{\"@type\":\"ReadAction\",\"target\":[\"https:\/\/autoadra.pl\/index.php\/samochody-zastepcze\/\"]}]},{\"@type\":\"ImageObject\",\"inLanguage\":\"pl-PL\",\"@id\":\"https:\/\/autoadra.pl\/index.php\/samochody-zastepcze\/#primaryimage\",\"url\":\"https:\/\/autoadra.pl\/wp-content\/uploads\/2020\/06\/MG_4824.jpg\",\"contentUrl\":\"https:\/\/autoadra.pl\/wp-content\/uploads\/2020\/06\/MG_4824.jpg\",\"width\":1800,\"height\":1200},{\"@type\":\"BreadcrumbList\",\"@id\":\"https:\/\/autoadra.pl\/index.php\/samochody-zastepcze\/#breadcrumb\",\"itemListElement\":[{\"@type\":\"ListItem\",\"position\":1,\"name\":\"Strona g\u0142\u00f3wna\",\"item\":\"https:\/\/autoadra.pl\/\"},{\"@type\":\"ListItem\",\"position\":2,\"name\":\"Samochody zast\u0119pcze\"}]},{\"@type\":\"WebSite\",\"@id\":\"https:\/\/autoadra.pl\/#website\",\"url\":\"https:\/\/autoadra.pl\/\",\"name\":\"Auto Adra\",\"description\":\"Blacharstwo Lakiernictwo Wroc\u0142aw\",\"publisher\":{\"@id\":\"https:\/\/autoadra.pl\/#organization\"},\"potentialAction\":[{\"@type\":\"SearchAction\",\"target\":{\"@type\":\"EntryPoint\",\"urlTemplate\":\"https:\/\/autoadra.pl\/?s={search_term_string}\"},\"query-input\":{\"@type\":\"PropertyValueSpecification\",\"valueRequired\":true,\"valueName\":\"search_term_string\"}}],\"inLanguage\":\"pl-PL\"},{\"@type\":\"Organization\",\"@id\":\"https:\/\/autoadra.pl\/#organization\",\"name\":\"Auto Adra\",\"url\":\"https:\/\/autoadra.pl\/\",\"logo\":{\"@type\":\"ImageObject\",\"inLanguage\":\"pl-PL\",\"@id\":\"https:\/\/autoadra.pl\/#\/schema\/logo\/image\/\",\"url\":\"https:\/\/autoadra.pl\/wp-content\/uploads\/2020\/06\/logo_n-czyste-\u2014-kopia-1.png\",\"contentUrl\":\"https:\/\/autoadra.pl\/wp-content\/uploads\/2020\/06\/logo_n-czyste-\u2014-kopia-1.png\",\"width\":450,\"height\":126,\"caption\":\"Auto Adra\"},\"image\":{\"@id\":\"https:\/\/autoadra.pl\/#\/schema\/logo\/image\/\"},\"sameAs\":[\"https:\/\/www.facebook.com\/AutoAdra\/\"]}]}<\/script>\n<!-- \/ Yoast SEO plugin. -->","yoast_head_json":{"title":"Auto Adra - Samochody zast\u0119pcze - zadzwo\u0144 i um\u00f3w si\u0119 na odbi\u00f3r auta","description":"Darmowe samochody zast\u0119pcze po st\u0142uczce? My zajmujemy si\u0119 formalno\u015bciami, ubezpieczalnia pokrywa koszty, ty niczym si\u0119 nie martwisz.","robots":{"index":"index","follow":"follow","max-snippet":"max-snippet:-1","max-image-preview":"max-image-preview:large","max-video-preview":"max-video-preview:-1"},"canonical":"https:\/\/autoadra.pl\/index.php\/samochody-zastepcze\/","og_locale":"pl_PL","og_type":"article","og_title":"Samoch\u00f3d zast\u0119pczy","og_description":"Darmowe samochody zast\u0119pcze po st\u0142uczce? My zajmujemy si\u0119 formalno\u015bciami, ubezpieczalnia pokrywa koszty, ty niczym si\u0119 nie martwisz.","og_url":"https:\/\/autoadra.pl\/index.php\/samochody-zastepcze\/","og_site_name":"Auto Adra","article_publisher":"https:\/\/www.facebook.com\/AutoAdra\/","article_modified_time":"2022-02-06T14:10:13+00:00","og_image":[{"width":1800,"height":1200,"url":"https:\/\/autoadra.pl\/wp-content\/uploads\/2020\/06\/MG_4824.jpg","type":"image\/jpeg"}],"twitter_card":"summary_large_image","twitter_misc":{"Szacowany czas czytania":"3 minuty"},"schema":{"@context":"https:\/\/schema.org","@graph":[{"@type":"WebPage","@id":"https:\/\/autoadra.pl\/index.php\/samochody-zastepcze\/","url":"https:\/\/autoadra.pl\/index.php\/samochody-zastepcze\/","name":"Auto Adra - Samochody zast\u0119pcze - zadzwo\u0144 i um\u00f3w si\u0119 na odbi\u00f3r auta","isPartOf":{"@id":"https:\/\/autoadra.pl\/#website"},"primaryImageOfPage":{"@id":"https:\/\/autoadra.pl\/index.php\/samochody-zastepcze\/#primaryimage"},"image":{"@id":"https:\/\/autoadra.pl\/index.php\/samochody-zastepcze\/#primaryimage"},"thumbnailUrl":"https:\/\/autoadra.pl\/wp-content\/uploads\/2020\/06\/MG_4824-300x200.jpg","datePublished":"2020-06-06T10:56:58+00:00","dateModified":"2022-02-06T14:10:13+00:00","description":"Darmowe samochody zast\u0119pcze po st\u0142uczce? My zajmujemy si\u0119 formalno\u015bciami, ubezpieczalnia pokrywa koszty, ty niczym si\u0119 nie martwisz.","breadcrumb":{"@id":"https:\/\/autoadra.pl\/index.php\/samochody-zastepcze\/#breadcrumb"},"inLanguage":"pl-PL","potentialAction":[{"@type":"ReadAction","target":["https:\/\/autoadra.pl\/index.php\/samochody-zastepcze\/"]}]},{"@type":"ImageObject","inLanguage":"pl-PL","@id":"https:\/\/autoadra.pl\/index.php\/samochody-zastepcze\/#primaryimage","url":"https:\/\/autoadra.pl\/wp-content\/uploads\/2020\/06\/MG_4824.jpg","contentUrl":"https:\/\/autoadra.pl\/wp-content\/uploads\/2020\/06\/MG_4824.jpg","width":1800,"height":1200},{"@type":"BreadcrumbList","@id":"https:\/\/autoadra.pl\/index.php\/samochody-zastepcze\/#breadcrumb","itemListElement":[{"@type":"ListItem","position":1,"name":"Strona g\u0142\u00f3wna","item":"https:\/\/autoadra.pl\/"},{"@type":"ListItem","position":2,"name":"Samochody zast\u0119pcze"}]},{"@type":"WebSite","@id":"https:\/\/autoadra.pl\/#website","url":"https:\/\/autoadra.pl\/","name":"Auto Adra","description":"Blacharstwo Lakiernictwo Wroc\u0142aw","publisher":{"@id":"https:\/\/autoadra.pl\/#organization"},"potentialAction":[{"@type":"SearchAction","target":{"@type":"EntryPoint","urlTemplate":"https:\/\/autoadra.pl\/?s={search_term_string}"},"query-input":{"@type":"PropertyValueSpecification","valueRequired":true,"valueName":"search_term_string"}}],"inLanguage":"pl-PL"},{"@type":"Organization","@id":"https:\/\/autoadra.pl\/#organization","name":"Auto Adra","url":"https:\/\/autoadra.pl\/","logo":{"@type":"ImageObject","inLanguage":"pl-PL","@id":"https:\/\/autoadra.pl\/#\/schema\/logo\/image\/","url":"https:\/\/autoadra.pl\/wp-content\/uploads\/2020\/06\/logo_n-czyste-\u2014-kopia-1.png","contentUrl":"https:\/\/autoadra.pl\/wp-content\/uploads\/2020\/06\/logo_n-czyste-\u2014-kopia-1.png","width":450,"height":126,"caption":"Auto Adra"},"image":{"@id":"https:\/\/autoadra.pl\/#\/schema\/logo\/image\/"},"sameAs":["https:\/\/www.facebook.com\/AutoAdra\/"]}]}},"_links":{"self":[{"href":"https:\/\/autoadra.pl\/index.php\/wp-json\/wp\/v2\/pages\/2","targetHints":{"allow":["GET"]}}],"collection":[{"href":"https:\/\/autoadra.pl\/index.php\/wp-json\/wp\/v2\/pages"}],"about":[{"href":"https:\/\/autoadra.pl\/index.php\/wp-json\/wp\/v2\/types\/page"}],"author":[{"embeddable":true,"href":"https:\/\/autoadra.pl\/index.php\/wp-json\/wp\/v2\/users\/1"}],"replies":[{"embeddable":true,"href":"https:\/\/autoadra.pl\/index.php\/wp-json\/wp\/v2\/comments?post=2"}],"version-history":[{"count":28,"href":"https:\/\/autoadra.pl\/index.php\/wp-json\/wp\/v2\/pages\/2\/revisions"}],"predecessor-version":[{"id":467,"href":"https:\/\/autoadra.pl\/index.php\/wp-json\/wp\/v2\/pages\/2\/revisions\/467"}],"wp:attachment":[{"href":"https:\/\/autoadra.pl\/index.php\/wp-json\/wp\/v2\/media?parent=2"}],"curies":[{"name":"wp","href":"https:\/\/api.w.org\/{rel}","templated":true}]}}