{"id":161,"date":"2020-06-16T14:56:04","date_gmt":"2020-06-16T12:56:04","guid":{"rendered":"https:\/\/autoadra.pl\/?page_id=161"},"modified":"2021-12-05T19:25:41","modified_gmt":"2021-12-05T18:25:41","slug":"samochod-zastepczy-ford-mondeo","status":"publish","type":"page","link":"https:\/\/autoadra.pl\/index.php\/samochod-zastepczy-ford-mondeo\/","title":{"rendered":"Samoch\u00f3d zast\u0119pczy Ford Mondeo"},"content":{"rendered":"<div><b>W Auto Adra mo\u017cemy zaoferowa\u0107 Ci samoch\u00f3d zast\u0119pczy klasy D \u2013 Ford Mondeo. Auto dost\u0119pne jest od r\u0119ki, a koszt wypo\u017cyczenia mo\u017ce zosta\u0107 pokryty z OC sprawcy. Samoch\u00f3d otrzymasz bez dodatkowych op\u0142at na technologiczny okres naprawy lub ca\u0142kowity czas likwidacji szkody.<\/b><\/div>\n<div><\/div>\n<div><\/div>\n<div>\n<div><\/div>\n<\/div>\n<h2><b><span style=\"font-size: large;\">Udogodnienia w Fordzie Mondeo dla\u00a0wynajmuj\u0105cego<\/span><\/b><\/h2>\n<ul>\n<li style=\"font-weight: 400;\" aria-level=\"1\"><span style=\"font-weight: 400;\">Kierownica wielofunkcyjna<\/span><\/li>\n<li style=\"font-weight: 400;\" aria-level=\"1\"><span style=\"font-weight: 400;\">Elektryczne szyby i lusterka<\/span><\/li>\n<li style=\"font-weight: 400;\" aria-level=\"1\"><span style=\"font-weight: 400;\">Tempomat<\/span><\/li>\n<li style=\"font-weight: 400;\" aria-level=\"1\"><span style=\"font-weight: 400;\">Klimatyzacja automatyczna<\/span><\/li>\n<li style=\"font-weight: 400;\" aria-level=\"1\"><span style=\"font-weight: 400;\">System g\u0142o\u015bnom\u00f3wi\u0105cy<\/span><\/li>\n<li style=\"font-weight: 400;\" aria-level=\"1\"><span style=\"font-weight: 400;\">CD\/AUX<\/span><\/li>\n<li style=\"font-weight: 400;\" aria-level=\"1\"><span style=\"font-weight: 400;\">ISOFIX<\/span><\/li>\n<li style=\"font-weight: 400;\" aria-level=\"1\"><span style=\"font-weight: 400;\">Czujniki parkowania prz\u00f3d i ty\u0142<\/span><\/li>\n<\/ul>\n<p><span style=\"font-weight: 400;\">Samoch\u00f3d jest idealny dla rodzin z dzie\u0107mi ze wzgl\u0119du na wielko\u015b\u0107, jak i mo\u017cliwo\u015b\u0107 zamontowania fotelik\u00f3w (isofix). Du\u017cy, pojemny baga\u017cnik bez problemu pomie\u015bci w\u00f3zek, baga\u017ce czy zakupy. System g\u0142o\u015bnom\u00f3wi\u0105cy zapewnia komfort podczas nieuniknionych rozm\u00f3w telefonicznych w trakcie jazdy. Samoch\u00f3d zast\u0119pczy Mondeo przyjemnie si\u0119 prowadzi oraz parkuje, poniewa\u017c wyposa\u017cony w tylne i przednie czujniki parkowania. U\u0142atwia to manewry osobom przyzwyczajonym do innych samochod\u00f3w.\u00a0<\/span><\/p>\n<p><b>Samoch\u00f3d\u00a0ozonujemy\u00a0po ka\u017cdym przyj\u0119ciu go od klienta oraz przygotowujemy do dalszej drogi.<\/b><\/p>\n<p><span style=\"font-weight: 400;\">Je\u017celi zdecydujesz si\u0119 na ten samoch\u00f3d zast\u0119pczy, otrzymasz od nas dow\u00f3d rejestracyjny, kluczyk oraz umow\u0119 najmu. Ford Mondeo b\u0119dzie umyty, posprz\u0105tany i zatankowany do pe\u0142na. Oczekujemy od Ciebie, \u017ce oddasz go nam w takim samym stanie.<\/span><\/p>\n<h2><span style=\"font-size: 14pt;\"><b>Najcz\u0119stsze pytania oraz obawy zwi\u0105zane z wynaj\u0119ciem samochodu\u00a0<\/b><\/span><\/h2>\n<h3><span style=\"font-size: 12pt;\">Kiedy przys\u0142uguje mi pojazd zast\u0119pczy bez dop\u0142aty?<\/span><\/h3>\n<ul>\n<li style=\"font-weight: 400;\" aria-level=\"1\"><span style=\"font-weight: 400;\">Je\u017celi Tw\u00f3j samoch\u00f3d jest jezdny, (czyli nie kwalifikuje si\u0119 do zablokowania dowodu rejestracyjnego) pojazd zast\u0119pczy przys\u0142uguje Ci za darmo na technologiczny czas naprawy.<\/span><\/li>\n<li style=\"font-weight: 400;\" aria-level=\"1\"><span style=\"font-weight: 400;\">W przypadku, gdy Tw\u00f3j samoch\u00f3d nie jest jezdny, (uszkodzony reflektor, kierunkowskaz, lampa, zbita szyba, wyrwany zderzak, zatrza\u015bni\u0119te drzwi, niedomykaj\u0105ce si\u0119 drzwi) pojazd zast\u0119pczy przys\u0142uguje na pe\u0142ny czas likwidacji szkody.<\/span><\/li>\n<\/ul>\n<h3><span style=\"font-size: 12pt;\">Boj\u0119 si\u0119, \u017ce uszkodz\u0119 samoch\u00f3d zast\u0119pczy.<\/span><\/h3>\n<ul>\n<li style=\"font-weight: 400;\" aria-level=\"1\"><span style=\"font-weight: 400;\">Ford Mondeo wyposa\u017cony jest w czujniki parkowania, co u\u0142atwia manewry osobom przyzwyczajonym do innych samochod\u00f3w, wi\u0119c bez problemu sobie poradzisz<\/span><\/li>\n<li style=\"font-weight: 400;\" aria-level=\"1\"><span style=\"font-weight: 400;\">Oferowane przez nas auto posiada ubezpieczenia OC oraz AC.<\/span><\/li>\n<\/ul>\n<h3><span style=\"font-size: 12pt;\">Czy b\u0119d\u0119 musia\u0142 dop\u0142aca\u0107 za samoch\u00f3d zast\u0119pczy?<\/span><\/h3>\n<p><span style=\"font-weight: 400;\">W wi\u0119kszo\u015bci przypadk\u00f3w \u2013 stanowczo NIE MUSISZ. Dop\u0142acisz za auto je\u015bli:<\/span><\/p>\n<ul>\n<li style=\"font-weight: 400;\" aria-level=\"1\"><span style=\"font-weight: 400;\">wynika to\u00a0 z Twojego ubezpieczenia AC (wk\u0142ad w\u0142asny),<\/span><\/li>\n<li style=\"font-weight: 400;\" aria-level=\"1\"><span style=\"font-weight: 400;\">je\u015bli zdanie samochodu zast\u0119pczego op\u00f3\u017ani si\u0119 z Twojej winy.<\/span><\/li>\n<\/ul>\n<p><span style=\"font-weight: 400;\">Poza tymi nielicznymi wyj\u0105tkami ca\u0142o\u015b\u0107 faktury pokrywa ubezpieczalnia.<\/span><\/p>\n<p><span style=\"font-weight: 400;\">Dbamy o bezpiecze\u0144stwo Twoje i Twojej rodziny, dlatego nasze samochody s\u0105 ka\u017cdorazowo ozonowane po zako\u0144czeniu trwania us\u0142ugi. Chcia\u0142by\u015b od\u015bwie\u017cy\u0107 r\u00f3wnie\u017c sw\u00f3j samoch\u00f3d? Nie ma problemu, sprawd\u017a szczeg\u00f3\u0142y us\u0142ugi tutaj: <\/span><a href=\"https:\/\/autoadra.pl\/index.php\/ozonowanie-odgrzybianie-klimatyzacji\/\"><span style=\"font-weight: 400;\">Ozonowanie samochod\u00f3w<\/span><\/a><span style=\"font-weight: 400;\">.<\/span><\/p>\n<p><span style=\"font-weight: 400;\">W swojej ofercie posiadamy r\u00f3wnie\u017c <\/span><span style=\"font-weight: 400;\">samoch\u00f3d zast\u0119pczy <\/span><a href=\"https:\/\/autoadra.pl\/index.php\/samochod-zastepczy-citroen-c3\/\"><span style=\"font-weight: 400;\">Citroen C3<\/span><\/a>. Je\u017celi potrzebujesz wi\u0119cej informacji, skontaktuj si\u0119 z nami pod numerem: <strong>607 685 444<\/strong><\/p>\n<p style=\"text-align: center;\">Obserwuj nas na facebooku: <a href=\"http:\/\/facebook.pl\/Autoadra\">AutoAdra<\/a><\/p>\n","protected":false},"excerpt":{"rendered":"<p>W Auto Adra mo\u017cemy zaoferowa\u0107 Ci samoch\u00f3d zast\u0119pczy klasy D \u2013 Ford Mondeo. Auto dost\u0119pne jest od r\u0119ki, a koszt wypo\u017cyczenia mo\u017ce zosta\u0107 pokryty z OC sprawcy. Samoch\u00f3d otrzymasz bez dodatkowych op\u0142at na technologiczny okres naprawy lub ca\u0142kowity czas likwidacji szkody. Udogodnienia w Fordzie Mondeo dla\u00a0wynajmuj\u0105cego Kierownica wielofunkcyjna Elektryczne szyby i lusterka Tempomat Klimatyzacja automatyczna System g\u0142o\u015bnom\u00f3wi\u0105cy CD\/AUX ISOFIX Czujniki parkowania prz\u00f3d i ty\u0142 Samoch\u00f3d jest idealny dla rodzin z dzie\u0107mi ze wzgl\u0119du na wielko\u015b\u0107, jak i mo\u017cliwo\u015b\u0107 zamontowania fotelik\u00f3w (isofix). Du\u017cy, pojemny baga\u017cnik bez problemu pomie\u015bci w\u00f3zek, baga\u017ce czy zakupy. System g\u0142o\u015bnom\u00f3wi\u0105cy zapewnia komfort podczas nieuniknionych rozm\u00f3w telefonicznych w trakcie jazdy. Samoch\u00f3d zast\u0119pczy Mondeo przyjemnie si\u0119 prowadzi oraz parkuje, poniewa\u017c wyposa\u017cony w tylne i przednie czujniki parkowania. U\u0142atwia to manewry osobom przyzwyczajonym do innych samochod\u00f3w.\u00a0 Samoch\u00f3d\u00a0ozonujemy\u00a0po ka\u017cdym przyj\u0119ciu go od klienta oraz przygotowujemy do dalszej drogi. Je\u017celi zdecydujesz si\u0119 na ten samoch\u00f3d zast\u0119pczy, otrzymasz od nas dow\u00f3d rejestracyjny, kluczyk oraz umow\u0119 najmu. Ford Mondeo b\u0119dzie umyty, posprz\u0105tany i zatankowany do pe\u0142na. Oczekujemy od Ciebie, \u017ce oddasz go nam w takim samym stanie. Najcz\u0119stsze pytania oraz obawy zwi\u0105zane z wynaj\u0119ciem samochodu\u00a0 Kiedy przys\u0142uguje mi pojazd zast\u0119pczy bez dop\u0142aty? Je\u017celi Tw\u00f3j samoch\u00f3d jest jezdny, (czyli nie kwalifikuje si\u0119 do zablokowania dowodu rejestracyjnego) pojazd zast\u0119pczy przys\u0142uguje Ci za darmo na technologiczny czas naprawy. W przypadku, gdy Tw\u00f3j samoch\u00f3d nie jest jezdny, (uszkodzony reflektor, kierunkowskaz, lampa, zbita szyba, wyrwany zderzak, zatrza\u015bni\u0119te drzwi, niedomykaj\u0105ce si\u0119 drzwi) pojazd zast\u0119pczy przys\u0142uguje na pe\u0142ny czas likwidacji szkody. Boj\u0119 si\u0119, \u017ce uszkodz\u0119 samoch\u00f3d zast\u0119pczy. Ford Mondeo wyposa\u017cony jest w czujniki parkowania, co u\u0142atwia manewry osobom przyzwyczajonym do innych samochod\u00f3w, wi\u0119c bez problemu sobie poradzisz Oferowane przez nas auto posiada ubezpieczenia OC oraz AC. Czy b\u0119d\u0119 musia\u0142 dop\u0142aca\u0107 za samoch\u00f3d zast\u0119pczy? W wi\u0119kszo\u015bci przypadk\u00f3w \u2013 stanowczo NIE MUSISZ. Dop\u0142acisz za auto je\u015bli: wynika to\u00a0 z Twojego ubezpieczenia AC (wk\u0142ad w\u0142asny), je\u015bli zdanie samochodu zast\u0119pczego op\u00f3\u017ani si\u0119 z Twojej winy. Poza tymi nielicznymi wyj\u0105tkami ca\u0142o\u015b\u0107 faktury pokrywa ubezpieczalnia. Dbamy o bezpiecze\u0144stwo Twoje i Twojej rodziny, dlatego nasze samochody s\u0105 ka\u017cdorazowo ozonowane po zako\u0144czeniu trwania us\u0142ugi. Chcia\u0142by\u015b od\u015bwie\u017cy\u0107 r\u00f3wnie\u017c sw\u00f3j samoch\u00f3d? Nie ma problemu, sprawd\u017a szczeg\u00f3\u0142y us\u0142ugi tutaj: Ozonowanie samochod\u00f3w. W swojej ofercie posiadamy r\u00f3wnie\u017c samoch\u00f3d zast\u0119pczy Citroen C3. Je\u017celi potrzebujesz wi\u0119cej informacji, skontaktuj si\u0119 z nami pod numerem: 607 685 444 Obserwuj nas na facebooku: AutoAdra<\/p>\n","protected":false},"author":1,"featured_media":0,"parent":0,"menu_order":0,"comment_status":"closed","ping_status":"closed","template":"","meta":{"footnotes":""},"class_list":["post-161","page","type-page","status-publish","hentry"],"yoast_head":"<!-- This site is optimized with the Yoast SEO plugin v26.3 - https:\/\/yoast.com\/wordpress\/plugins\/seo\/ -->\n<title>Samoch\u00f3d zast\u0119pczy za 0 z\u0142 \u2013 Ford Mondeo \u2013 Auto Adra<\/title>\n<meta name=\"description\" content=\"Mia\u0142e\u015b st\u0142uczk\u0119 i przyda\u0142by si\u0119 samoch\u00f3d zast\u0119pczy? W Auto Adra mamy samochody dostosowane do Twoich potrzeb! Zadzwo\u0144 607 685 444\" \/>\n<meta name=\"robots\" content=\"index, follow, max-snippet:-1, max-image-preview:large, max-video-preview:-1\" \/>\n<link rel=\"canonical\" href=\"https:\/\/autoadra.pl\/index.php\/samochod-zastepczy-ford-mondeo\/\" \/>\n<meta property=\"og:locale\" content=\"pl_PL\" \/>\n<meta property=\"og:type\" content=\"article\" \/>\n<meta property=\"og:title\" content=\"Samoch\u00f3d zast\u0119pczy za 0 z\u0142 \u2013 Ford Mondeo \u2013 Auto Adra\" \/>\n<meta property=\"og:description\" content=\"Mia\u0142e\u015b st\u0142uczk\u0119 i przyda\u0142by si\u0119 samoch\u00f3d zast\u0119pczy? W Auto Adra mamy samochody dostosowane do Twoich potrzeb! Zadzwo\u0144 607 685 444\" \/>\n<meta property=\"og:url\" content=\"https:\/\/autoadra.pl\/index.php\/samochod-zastepczy-ford-mondeo\/\" \/>\n<meta property=\"og:site_name\" content=\"Auto Adra\" \/>\n<meta property=\"article:publisher\" content=\"https:\/\/www.facebook.com\/AutoAdra\/\" \/>\n<meta property=\"article:modified_time\" content=\"2021-12-05T18:25:41+00:00\" \/>\n<meta name=\"twitter:card\" content=\"summary_large_image\" \/>\n<meta name=\"twitter:label1\" content=\"Szacowany czas czytania\" \/>\n\t<meta name=\"twitter:data1\" content=\"2 minuty\" \/>\n<script type=\"application\/ld+json\" class=\"yoast-schema-graph\">{\"@context\":\"https:\/\/schema.org\",\"@graph\":[{\"@type\":\"WebPage\",\"@id\":\"https:\/\/autoadra.pl\/index.php\/samochod-zastepczy-ford-mondeo\/\",\"url\":\"https:\/\/autoadra.pl\/index.php\/samochod-zastepczy-ford-mondeo\/\",\"name\":\"Samoch\u00f3d zast\u0119pczy za 0 z\u0142 \u2013 Ford Mondeo \u2013 Auto Adra\",\"isPartOf\":{\"@id\":\"https:\/\/autoadra.pl\/#website\"},\"datePublished\":\"2020-06-16T12:56:04+00:00\",\"dateModified\":\"2021-12-05T18:25:41+00:00\",\"description\":\"Mia\u0142e\u015b st\u0142uczk\u0119 i przyda\u0142by si\u0119 samoch\u00f3d zast\u0119pczy? W Auto Adra mamy samochody dostosowane do Twoich potrzeb! Zadzwo\u0144 607 685 444\",\"breadcrumb\":{\"@id\":\"https:\/\/autoadra.pl\/index.php\/samochod-zastepczy-ford-mondeo\/#breadcrumb\"},\"inLanguage\":\"pl-PL\",\"potentialAction\":[{\"@type\":\"ReadAction\",\"target\":[\"https:\/\/autoadra.pl\/index.php\/samochod-zastepczy-ford-mondeo\/\"]}]},{\"@type\":\"BreadcrumbList\",\"@id\":\"https:\/\/autoadra.pl\/index.php\/samochod-zastepczy-ford-mondeo\/#breadcrumb\",\"itemListElement\":[{\"@type\":\"ListItem\",\"position\":1,\"name\":\"Strona g\u0142\u00f3wna\",\"item\":\"https:\/\/autoadra.pl\/\"},{\"@type\":\"ListItem\",\"position\":2,\"name\":\"Samoch\u00f3d zast\u0119pczy Ford Mondeo\"}]},{\"@type\":\"WebSite\",\"@id\":\"https:\/\/autoadra.pl\/#website\",\"url\":\"https:\/\/autoadra.pl\/\",\"name\":\"Auto Adra\",\"description\":\"Blacharstwo Lakiernictwo Wroc\u0142aw\",\"publisher\":{\"@id\":\"https:\/\/autoadra.pl\/#organization\"},\"potentialAction\":[{\"@type\":\"SearchAction\",\"target\":{\"@type\":\"EntryPoint\",\"urlTemplate\":\"https:\/\/autoadra.pl\/?s={search_term_string}\"},\"query-input\":{\"@type\":\"PropertyValueSpecification\",\"valueRequired\":true,\"valueName\":\"search_term_string\"}}],\"inLanguage\":\"pl-PL\"},{\"@type\":\"Organization\",\"@id\":\"https:\/\/autoadra.pl\/#organization\",\"name\":\"Auto Adra\",\"url\":\"https:\/\/autoadra.pl\/\",\"logo\":{\"@type\":\"ImageObject\",\"inLanguage\":\"pl-PL\",\"@id\":\"https:\/\/autoadra.pl\/#\/schema\/logo\/image\/\",\"url\":\"https:\/\/autoadra.pl\/wp-content\/uploads\/2020\/06\/logo_n-czyste-\u2014-kopia-1.png\",\"contentUrl\":\"https:\/\/autoadra.pl\/wp-content\/uploads\/2020\/06\/logo_n-czyste-\u2014-kopia-1.png\",\"width\":450,\"height\":126,\"caption\":\"Auto Adra\"},\"image\":{\"@id\":\"https:\/\/autoadra.pl\/#\/schema\/logo\/image\/\"},\"sameAs\":[\"https:\/\/www.facebook.com\/AutoAdra\/\"]}]}<\/script>\n<!-- \/ Yoast SEO plugin. -->","yoast_head_json":{"title":"Samoch\u00f3d zast\u0119pczy za 0 z\u0142 \u2013 Ford Mondeo \u2013 Auto Adra","description":"Mia\u0142e\u015b st\u0142uczk\u0119 i przyda\u0142by si\u0119 samoch\u00f3d zast\u0119pczy? W Auto Adra mamy samochody dostosowane do Twoich potrzeb! Zadzwo\u0144 607 685 444","robots":{"index":"index","follow":"follow","max-snippet":"max-snippet:-1","max-image-preview":"max-image-preview:large","max-video-preview":"max-video-preview:-1"},"canonical":"https:\/\/autoadra.pl\/index.php\/samochod-zastepczy-ford-mondeo\/","og_locale":"pl_PL","og_type":"article","og_title":"Samoch\u00f3d zast\u0119pczy za 0 z\u0142 \u2013 Ford Mondeo \u2013 Auto Adra","og_description":"Mia\u0142e\u015b st\u0142uczk\u0119 i przyda\u0142by si\u0119 samoch\u00f3d zast\u0119pczy? W Auto Adra mamy samochody dostosowane do Twoich potrzeb! Zadzwo\u0144 607 685 444","og_url":"https:\/\/autoadra.pl\/index.php\/samochod-zastepczy-ford-mondeo\/","og_site_name":"Auto Adra","article_publisher":"https:\/\/www.facebook.com\/AutoAdra\/","article_modified_time":"2021-12-05T18:25:41+00:00","twitter_card":"summary_large_image","twitter_misc":{"Szacowany czas czytania":"2 minuty"},"schema":{"@context":"https:\/\/schema.org","@graph":[{"@type":"WebPage","@id":"https:\/\/autoadra.pl\/index.php\/samochod-zastepczy-ford-mondeo\/","url":"https:\/\/autoadra.pl\/index.php\/samochod-zastepczy-ford-mondeo\/","name":"Samoch\u00f3d zast\u0119pczy za 0 z\u0142 \u2013 Ford Mondeo \u2013 Auto Adra","isPartOf":{"@id":"https:\/\/autoadra.pl\/#website"},"datePublished":"2020-06-16T12:56:04+00:00","dateModified":"2021-12-05T18:25:41+00:00","description":"Mia\u0142e\u015b st\u0142uczk\u0119 i przyda\u0142by si\u0119 samoch\u00f3d zast\u0119pczy? W Auto Adra mamy samochody dostosowane do Twoich potrzeb! Zadzwo\u0144 607 685 444","breadcrumb":{"@id":"https:\/\/autoadra.pl\/index.php\/samochod-zastepczy-ford-mondeo\/#breadcrumb"},"inLanguage":"pl-PL","potentialAction":[{"@type":"ReadAction","target":["https:\/\/autoadra.pl\/index.php\/samochod-zastepczy-ford-mondeo\/"]}]},{"@type":"BreadcrumbList","@id":"https:\/\/autoadra.pl\/index.php\/samochod-zastepczy-ford-mondeo\/#breadcrumb","itemListElement":[{"@type":"ListItem","position":1,"name":"Strona g\u0142\u00f3wna","item":"https:\/\/autoadra.pl\/"},{"@type":"ListItem","position":2,"name":"Samoch\u00f3d zast\u0119pczy Ford Mondeo"}]},{"@type":"WebSite","@id":"https:\/\/autoadra.pl\/#website","url":"https:\/\/autoadra.pl\/","name":"Auto Adra","description":"Blacharstwo Lakiernictwo Wroc\u0142aw","publisher":{"@id":"https:\/\/autoadra.pl\/#organization"},"potentialAction":[{"@type":"SearchAction","target":{"@type":"EntryPoint","urlTemplate":"https:\/\/autoadra.pl\/?s={search_term_string}"},"query-input":{"@type":"PropertyValueSpecification","valueRequired":true,"valueName":"search_term_string"}}],"inLanguage":"pl-PL"},{"@type":"Organization","@id":"https:\/\/autoadra.pl\/#organization","name":"Auto Adra","url":"https:\/\/autoadra.pl\/","logo":{"@type":"ImageObject","inLanguage":"pl-PL","@id":"https:\/\/autoadra.pl\/#\/schema\/logo\/image\/","url":"https:\/\/autoadra.pl\/wp-content\/uploads\/2020\/06\/logo_n-czyste-\u2014-kopia-1.png","contentUrl":"https:\/\/autoadra.pl\/wp-content\/uploads\/2020\/06\/logo_n-czyste-\u2014-kopia-1.png","width":450,"height":126,"caption":"Auto Adra"},"image":{"@id":"https:\/\/autoadra.pl\/#\/schema\/logo\/image\/"},"sameAs":["https:\/\/www.facebook.com\/AutoAdra\/"]}]}},"_links":{"self":[{"href":"https:\/\/autoadra.pl\/index.php\/wp-json\/wp\/v2\/pages\/161","targetHints":{"allow":["GET"]}}],"collection":[{"href":"https:\/\/autoadra.pl\/index.php\/wp-json\/wp\/v2\/pages"}],"about":[{"href":"https:\/\/autoadra.pl\/index.php\/wp-json\/wp\/v2\/types\/page"}],"author":[{"embeddable":true,"href":"https:\/\/autoadra.pl\/index.php\/wp-json\/wp\/v2\/users\/1"}],"replies":[{"embeddable":true,"href":"https:\/\/autoadra.pl\/index.php\/wp-json\/wp\/v2\/comments?post=161"}],"version-history":[{"count":21,"href":"https:\/\/autoadra.pl\/index.php\/wp-json\/wp\/v2\/pages\/161\/revisions"}],"predecessor-version":[{"id":457,"href":"https:\/\/autoadra.pl\/index.php\/wp-json\/wp\/v2\/pages\/161\/revisions\/457"}],"wp:attachment":[{"href":"https:\/\/autoadra.pl\/index.php\/wp-json\/wp\/v2\/media?parent=161"}],"curies":[{"name":"wp","href":"https:\/\/api.w.org\/{rel}","templated":true}]}}