{"id":159,"date":"2020-06-16T14:55:51","date_gmt":"2020-06-16T12:55:51","guid":{"rendered":"https:\/\/autoadra.pl\/?page_id=159"},"modified":"2021-12-05T19:27:04","modified_gmt":"2021-12-05T18:27:04","slug":"samochod-zastepczy-citroen-c3","status":"publish","type":"page","link":"https:\/\/autoadra.pl\/index.php\/samochod-zastepczy-citroen-c3\/","title":{"rendered":"Samoch\u00f3d zast\u0119pczy Citroen C3"},"content":{"rendered":"<div><b>W Auto Adra mo\u017cemy zaoferowa\u0107 Ci m.in. samoch\u00f3d zast\u0119pczy klasy B \u2013 Citroen C3. Jest on dost\u0119pny od r\u0119ki, a koszt jego wypo\u017cyczenia mo\u017ce zosta\u0107 pokryty z OC sprawcy. Auto otrzymasz na ca\u0142y okres naprawy. <\/b><\/div>\n<div><\/div>\n<div>\n<div><\/div>\n<\/div>\n<h2><strong><span style=\"font-size: 14pt;\">Udogodnienia w Citroenie C3:<\/span><\/strong><\/h2>\n<ul>\n<li style=\"font-weight: 400;\" aria-level=\"1\"><span style=\"font-weight: 400;\">Kierownica wielofunkcyjna<\/span><\/li>\n<li style=\"font-weight: 400;\" aria-level=\"1\"><span style=\"font-weight: 400;\">Elektryczne szyby i lusterka<\/span><\/li>\n<li style=\"font-weight: 400;\" aria-level=\"1\"><span style=\"font-weight: 400;\">Dach panoramiczny<\/span><\/li>\n<li style=\"font-weight: 400;\" aria-level=\"1\"><span style=\"font-weight: 400;\">Tempomat<\/span><\/li>\n<li style=\"font-weight: 400;\" aria-level=\"1\"><span style=\"font-weight: 400;\">Klimatyzacja automatyczna<\/span><\/li>\n<li style=\"font-weight: 400;\" aria-level=\"1\"><span style=\"font-weight: 400;\">System g\u0142o\u015bnom\u00f3wi\u0105cy<\/span><\/li>\n<li style=\"font-weight: 400;\" aria-level=\"1\"><span style=\"font-weight: 400;\">Mo\u017cliwo\u015b\u0107 po\u0142\u0105czenia samochodu z internetem z telefonu<\/span><\/li>\n<li style=\"font-weight: 400;\" aria-level=\"1\"><span style=\"font-weight: 400;\">MirrorLink\/Bluetooth\/iPod\/AUX\/USB<\/span><\/li>\n<li style=\"font-weight: 400;\" aria-level=\"1\"><span style=\"font-weight: 400;\">Isofix<\/span><\/li>\n<\/ul>\n<p><span style=\"font-weight: 400;\">Samoch\u00f3d jest idealny dla rodzin z dzie\u0107mi je\u017cd\u017c\u0105cymi w fotelikach (isofix), a tak\u017ce os\u00f3b, kt\u00f3rych tryb \u017cycia wymaga rozm\u00f3w telefonicznych w czasie jazdy. Citroen jest lekki do prowadzenia oraz wyposa\u017cony w czujniki cofania, \u017ceby u\u0142atwi\u0107 parkowanie osobom przyzwyczajonym do innych samochod\u00f3w.<\/span><\/p>\n<p><span style=\"font-weight: 400;\">Samoch\u00f3d jest przez nas ka\u017cdorazowo <\/span><a href=\"https:\/\/autoadra.pl\/index.php\/ozonowanie-odgrzybianie-klimatyzacji\/\"><span style=\"font-weight: 400;\">ozonowany<\/span><\/a><span style=\"font-weight: 400;\"> po przyj\u0119ciu go od klienta oraz przygotowywany do dalszej drogi.<\/span><\/p>\n<h2><strong><span style=\"font-size: 14pt;\">Najcz\u0119stsze pytania i obawy zwi\u0105zane z wynaj\u0119ciem samochodu\u00a0<\/span><\/strong><\/h2>\n<h3><span style=\"font-size: 12pt;\">Kiedy przys\u0142uguje ci wynajem pojazdu bez dop\u0142at z Twojej strony?<\/span><\/h3>\n<ul>\n<li style=\"font-weight: 400;\" aria-level=\"1\"><span style=\"font-weight: 400;\">W przypadku gdy Tw\u00f3j samoch\u00f3d jest jezdny (nie kwalifikuje si\u0119 do zablokowania dowodu rejestracyjnego) pojazd zast\u0119pczy przys\u0142uguje na technologiczny czas naprawy.<\/span><\/li>\n<li style=\"font-weight: 400;\" aria-level=\"1\"><span style=\"font-weight: 400;\">W przypadku gdy Tw\u00f3j samoch\u00f3d nie jest jezdny (uszkodzony reflektor, kierunkowskaz, lampa, zbita szyba, wyrwany zderzak, zatrza\u015bni\u0119te drzwi, niedomykaj\u0105ce si\u0119 drzwi) pojazd zast\u0119pczy przys\u0142uguje na pe\u0142ny czas likwidacji szkody.<\/span><\/li>\n<\/ul>\n<h3><span style=\"font-size: 12pt;\">Boj\u0119 si\u0119, \u017ce uszkodz\u0119 samoch\u00f3d zast\u0119pczy.<\/span><\/h3>\n<ul>\n<li style=\"font-weight: 400;\" aria-level=\"1\"><span style=\"font-weight: 400;\">Citroen C3 wyposa\u017cony jest w czujniki parkowania, wi\u0119c bez problemu sobie poradzisz w trakcie manewr\u00f3w.<\/span><\/li>\n<li style=\"font-weight: 400;\" aria-level=\"1\"><span style=\"font-weight: 400;\">Posiadamy na ten samoch\u00f3d ubezpieczenia OC oraz AC.<\/span><\/li>\n<\/ul>\n<h3><span style=\"font-size: 12pt;\">B\u0119d\u0119 musia\u0142 dop\u0142aca\u0107 za wynajem pojazdu?<\/span><\/h3>\n<ul>\n<li style=\"font-weight: 400;\" aria-level=\"1\"><span style=\"font-weight: 400;\">W wi\u0119kszo\u015bci przypadk\u00f3w stanowczo NIE.<\/span><\/li>\n<li style=\"font-weight: 400;\" aria-level=\"1\"><span style=\"font-weight: 400;\">Dop\u0142acisz je\u015bli wynika to\u00a0 z Twojego ubezpieczenia AC (wk\u0142ad w\u0142asny).<\/span><\/li>\n<li style=\"font-weight: 400;\" aria-level=\"1\"><span style=\"font-weight: 400;\">Dop\u0142acisz je\u015bli zdanie samochodu zast\u0119pczego op\u00f3\u017ani si\u0119 z Twojej strony.<\/span><\/li>\n<li style=\"font-weight: 400;\" aria-level=\"1\"><span style=\"font-weight: 400;\">Poza tymi nielicznymi wyj\u0105tkami ca\u0142o\u015b\u0107 faktury jest pokrywana przez ubezpieczalni\u0119.<\/span><\/li>\n<\/ul>\n<p style=\"text-align: center;\">W ofercie posiadamy r\u00f3wnie\u017c samoch\u00f3d zast\u0119pczy\u00a0<span style=\"color: #ffff00;\"><a style=\"color: #ffff00;\" href=\"https:\/\/autoadra.pl\/index.php\/samochod-zastepczy-ford-mondeo\/\"><span style=\"color: #f7d445;\">Ford Mondeo.<\/span><\/a><\/span><\/p>\n<p style=\"text-align: center;\">Obserwuj nas na facebooku: <a href=\"https:\/\/www.facebook.com\/AutoAdra\/\">AutoAdra<\/a><\/p>\n","protected":false},"excerpt":{"rendered":"<p>W Auto Adra mo\u017cemy zaoferowa\u0107 Ci m.in. samoch\u00f3d zast\u0119pczy klasy B \u2013 Citroen C3. Jest on dost\u0119pny od r\u0119ki, a koszt jego wypo\u017cyczenia mo\u017ce zosta\u0107 pokryty z OC sprawcy. Auto otrzymasz na ca\u0142y okres naprawy. Udogodnienia w Citroenie C3: Kierownica wielofunkcyjna Elektryczne szyby i lusterka Dach panoramiczny Tempomat Klimatyzacja automatyczna System g\u0142o\u015bnom\u00f3wi\u0105cy Mo\u017cliwo\u015b\u0107 po\u0142\u0105czenia samochodu z internetem z telefonu MirrorLink\/Bluetooth\/iPod\/AUX\/USB Isofix Samoch\u00f3d jest idealny dla rodzin z dzie\u0107mi je\u017cd\u017c\u0105cymi w fotelikach (isofix), a tak\u017ce os\u00f3b, kt\u00f3rych tryb \u017cycia wymaga rozm\u00f3w telefonicznych w czasie jazdy. Citroen jest lekki do prowadzenia oraz wyposa\u017cony w czujniki cofania, \u017ceby u\u0142atwi\u0107 parkowanie osobom przyzwyczajonym do innych samochod\u00f3w. Samoch\u00f3d jest przez nas ka\u017cdorazowo ozonowany po przyj\u0119ciu go od klienta oraz przygotowywany do dalszej drogi. Najcz\u0119stsze pytania i obawy zwi\u0105zane z wynaj\u0119ciem samochodu\u00a0 Kiedy przys\u0142uguje ci wynajem pojazdu bez dop\u0142at z Twojej strony? W przypadku gdy Tw\u00f3j samoch\u00f3d jest jezdny (nie kwalifikuje si\u0119 do zablokowania dowodu rejestracyjnego) pojazd zast\u0119pczy przys\u0142uguje na technologiczny czas naprawy. W przypadku gdy Tw\u00f3j samoch\u00f3d nie jest jezdny (uszkodzony reflektor, kierunkowskaz, lampa, zbita szyba, wyrwany zderzak, zatrza\u015bni\u0119te drzwi, niedomykaj\u0105ce si\u0119 drzwi) pojazd zast\u0119pczy przys\u0142uguje na pe\u0142ny czas likwidacji szkody. Boj\u0119 si\u0119, \u017ce uszkodz\u0119 samoch\u00f3d zast\u0119pczy. Citroen C3 wyposa\u017cony jest w czujniki parkowania, wi\u0119c bez problemu sobie poradzisz w trakcie manewr\u00f3w. Posiadamy na ten samoch\u00f3d ubezpieczenia OC oraz AC. B\u0119d\u0119 musia\u0142 dop\u0142aca\u0107 za wynajem pojazdu? W wi\u0119kszo\u015bci przypadk\u00f3w stanowczo NIE. Dop\u0142acisz je\u015bli wynika to\u00a0 z Twojego ubezpieczenia AC (wk\u0142ad w\u0142asny). Dop\u0142acisz je\u015bli zdanie samochodu zast\u0119pczego op\u00f3\u017ani si\u0119 z Twojej strony. Poza tymi nielicznymi wyj\u0105tkami ca\u0142o\u015b\u0107 faktury jest pokrywana przez ubezpieczalni\u0119. W ofercie posiadamy r\u00f3wnie\u017c samoch\u00f3d zast\u0119pczy\u00a0Ford Mondeo. Obserwuj nas na facebooku: AutoAdra<\/p>\n","protected":false},"author":1,"featured_media":0,"parent":0,"menu_order":0,"comment_status":"closed","ping_status":"closed","template":"","meta":{"footnotes":""},"class_list":["post-159","page","type-page","status-publish","hentry"],"yoast_head":"<!-- This site is optimized with the Yoast SEO plugin v26.3 - https:\/\/yoast.com\/wordpress\/plugins\/seo\/ -->\n<title>Samoch\u00f3d zast\u0119pczy - Citroen C3 - Auto Adra Dost\u0119pny w ka\u017cdej chwili!<\/title>\n<meta name=\"description\" content=\"Mia\u0142e\u015b st\u0142uczk\u0119 i przyda\u0142by si\u0119 samoch\u00f3d zast\u0119pczy? W Auto Adra mamy samochody dostosowane do Twoich potrzeb! Zadzwo\u0144 607 685 444\" \/>\n<meta name=\"robots\" content=\"index, follow, max-snippet:-1, max-image-preview:large, max-video-preview:-1\" \/>\n<link rel=\"canonical\" href=\"https:\/\/autoadra.pl\/index.php\/samochod-zastepczy-citroen-c3\/\" \/>\n<meta property=\"og:locale\" content=\"pl_PL\" \/>\n<meta property=\"og:type\" content=\"article\" \/>\n<meta property=\"og:title\" content=\"Samoch\u00f3d zast\u0119pczy - Citroen C3 - Auto Adra Dost\u0119pny w ka\u017cdej chwili!\" \/>\n<meta property=\"og:description\" content=\"Mia\u0142e\u015b st\u0142uczk\u0119 i przyda\u0142by si\u0119 samoch\u00f3d zast\u0119pczy? W Auto Adra mamy samochody dostosowane do Twoich potrzeb! Zadzwo\u0144 607 685 444\" \/>\n<meta property=\"og:url\" content=\"https:\/\/autoadra.pl\/index.php\/samochod-zastepczy-citroen-c3\/\" \/>\n<meta property=\"og:site_name\" content=\"Auto Adra\" \/>\n<meta property=\"article:publisher\" content=\"https:\/\/www.facebook.com\/AutoAdra\/\" \/>\n<meta property=\"article:modified_time\" content=\"2021-12-05T18:27:04+00:00\" \/>\n<meta name=\"twitter:card\" content=\"summary_large_image\" \/>\n<meta name=\"twitter:label1\" content=\"Szacowany czas czytania\" \/>\n\t<meta name=\"twitter:data1\" content=\"2 minuty\" \/>\n<script type=\"application\/ld+json\" class=\"yoast-schema-graph\">{\"@context\":\"https:\/\/schema.org\",\"@graph\":[{\"@type\":\"WebPage\",\"@id\":\"https:\/\/autoadra.pl\/index.php\/samochod-zastepczy-citroen-c3\/\",\"url\":\"https:\/\/autoadra.pl\/index.php\/samochod-zastepczy-citroen-c3\/\",\"name\":\"Samoch\u00f3d zast\u0119pczy - Citroen C3 - Auto Adra Dost\u0119pny w ka\u017cdej chwili!\",\"isPartOf\":{\"@id\":\"https:\/\/autoadra.pl\/#website\"},\"datePublished\":\"2020-06-16T12:55:51+00:00\",\"dateModified\":\"2021-12-05T18:27:04+00:00\",\"description\":\"Mia\u0142e\u015b st\u0142uczk\u0119 i przyda\u0142by si\u0119 samoch\u00f3d zast\u0119pczy? W Auto Adra mamy samochody dostosowane do Twoich potrzeb! Zadzwo\u0144 607 685 444\",\"breadcrumb\":{\"@id\":\"https:\/\/autoadra.pl\/index.php\/samochod-zastepczy-citroen-c3\/#breadcrumb\"},\"inLanguage\":\"pl-PL\",\"potentialAction\":[{\"@type\":\"ReadAction\",\"target\":[\"https:\/\/autoadra.pl\/index.php\/samochod-zastepczy-citroen-c3\/\"]}]},{\"@type\":\"BreadcrumbList\",\"@id\":\"https:\/\/autoadra.pl\/index.php\/samochod-zastepczy-citroen-c3\/#breadcrumb\",\"itemListElement\":[{\"@type\":\"ListItem\",\"position\":1,\"name\":\"Strona g\u0142\u00f3wna\",\"item\":\"https:\/\/autoadra.pl\/\"},{\"@type\":\"ListItem\",\"position\":2,\"name\":\"Samoch\u00f3d zast\u0119pczy Citroen C3\"}]},{\"@type\":\"WebSite\",\"@id\":\"https:\/\/autoadra.pl\/#website\",\"url\":\"https:\/\/autoadra.pl\/\",\"name\":\"Auto Adra\",\"description\":\"Blacharstwo Lakiernictwo Wroc\u0142aw\",\"publisher\":{\"@id\":\"https:\/\/autoadra.pl\/#organization\"},\"potentialAction\":[{\"@type\":\"SearchAction\",\"target\":{\"@type\":\"EntryPoint\",\"urlTemplate\":\"https:\/\/autoadra.pl\/?s={search_term_string}\"},\"query-input\":{\"@type\":\"PropertyValueSpecification\",\"valueRequired\":true,\"valueName\":\"search_term_string\"}}],\"inLanguage\":\"pl-PL\"},{\"@type\":\"Organization\",\"@id\":\"https:\/\/autoadra.pl\/#organization\",\"name\":\"Auto Adra\",\"url\":\"https:\/\/autoadra.pl\/\",\"logo\":{\"@type\":\"ImageObject\",\"inLanguage\":\"pl-PL\",\"@id\":\"https:\/\/autoadra.pl\/#\/schema\/logo\/image\/\",\"url\":\"https:\/\/autoadra.pl\/wp-content\/uploads\/2020\/06\/logo_n-czyste-\u2014-kopia-1.png\",\"contentUrl\":\"https:\/\/autoadra.pl\/wp-content\/uploads\/2020\/06\/logo_n-czyste-\u2014-kopia-1.png\",\"width\":450,\"height\":126,\"caption\":\"Auto Adra\"},\"image\":{\"@id\":\"https:\/\/autoadra.pl\/#\/schema\/logo\/image\/\"},\"sameAs\":[\"https:\/\/www.facebook.com\/AutoAdra\/\"]}]}<\/script>\n<!-- \/ Yoast SEO plugin. -->","yoast_head_json":{"title":"Samoch\u00f3d zast\u0119pczy - Citroen C3 - Auto Adra Dost\u0119pny w ka\u017cdej chwili!","description":"Mia\u0142e\u015b st\u0142uczk\u0119 i przyda\u0142by si\u0119 samoch\u00f3d zast\u0119pczy? W Auto Adra mamy samochody dostosowane do Twoich potrzeb! Zadzwo\u0144 607 685 444","robots":{"index":"index","follow":"follow","max-snippet":"max-snippet:-1","max-image-preview":"max-image-preview:large","max-video-preview":"max-video-preview:-1"},"canonical":"https:\/\/autoadra.pl\/index.php\/samochod-zastepczy-citroen-c3\/","og_locale":"pl_PL","og_type":"article","og_title":"Samoch\u00f3d zast\u0119pczy - Citroen C3 - Auto Adra Dost\u0119pny w ka\u017cdej chwili!","og_description":"Mia\u0142e\u015b st\u0142uczk\u0119 i przyda\u0142by si\u0119 samoch\u00f3d zast\u0119pczy? W Auto Adra mamy samochody dostosowane do Twoich potrzeb! Zadzwo\u0144 607 685 444","og_url":"https:\/\/autoadra.pl\/index.php\/samochod-zastepczy-citroen-c3\/","og_site_name":"Auto Adra","article_publisher":"https:\/\/www.facebook.com\/AutoAdra\/","article_modified_time":"2021-12-05T18:27:04+00:00","twitter_card":"summary_large_image","twitter_misc":{"Szacowany czas czytania":"2 minuty"},"schema":{"@context":"https:\/\/schema.org","@graph":[{"@type":"WebPage","@id":"https:\/\/autoadra.pl\/index.php\/samochod-zastepczy-citroen-c3\/","url":"https:\/\/autoadra.pl\/index.php\/samochod-zastepczy-citroen-c3\/","name":"Samoch\u00f3d zast\u0119pczy - Citroen C3 - Auto Adra Dost\u0119pny w ka\u017cdej chwili!","isPartOf":{"@id":"https:\/\/autoadra.pl\/#website"},"datePublished":"2020-06-16T12:55:51+00:00","dateModified":"2021-12-05T18:27:04+00:00","description":"Mia\u0142e\u015b st\u0142uczk\u0119 i przyda\u0142by si\u0119 samoch\u00f3d zast\u0119pczy? W Auto Adra mamy samochody dostosowane do Twoich potrzeb! Zadzwo\u0144 607 685 444","breadcrumb":{"@id":"https:\/\/autoadra.pl\/index.php\/samochod-zastepczy-citroen-c3\/#breadcrumb"},"inLanguage":"pl-PL","potentialAction":[{"@type":"ReadAction","target":["https:\/\/autoadra.pl\/index.php\/samochod-zastepczy-citroen-c3\/"]}]},{"@type":"BreadcrumbList","@id":"https:\/\/autoadra.pl\/index.php\/samochod-zastepczy-citroen-c3\/#breadcrumb","itemListElement":[{"@type":"ListItem","position":1,"name":"Strona g\u0142\u00f3wna","item":"https:\/\/autoadra.pl\/"},{"@type":"ListItem","position":2,"name":"Samoch\u00f3d zast\u0119pczy Citroen C3"}]},{"@type":"WebSite","@id":"https:\/\/autoadra.pl\/#website","url":"https:\/\/autoadra.pl\/","name":"Auto Adra","description":"Blacharstwo Lakiernictwo Wroc\u0142aw","publisher":{"@id":"https:\/\/autoadra.pl\/#organization"},"potentialAction":[{"@type":"SearchAction","target":{"@type":"EntryPoint","urlTemplate":"https:\/\/autoadra.pl\/?s={search_term_string}"},"query-input":{"@type":"PropertyValueSpecification","valueRequired":true,"valueName":"search_term_string"}}],"inLanguage":"pl-PL"},{"@type":"Organization","@id":"https:\/\/autoadra.pl\/#organization","name":"Auto Adra","url":"https:\/\/autoadra.pl\/","logo":{"@type":"ImageObject","inLanguage":"pl-PL","@id":"https:\/\/autoadra.pl\/#\/schema\/logo\/image\/","url":"https:\/\/autoadra.pl\/wp-content\/uploads\/2020\/06\/logo_n-czyste-\u2014-kopia-1.png","contentUrl":"https:\/\/autoadra.pl\/wp-content\/uploads\/2020\/06\/logo_n-czyste-\u2014-kopia-1.png","width":450,"height":126,"caption":"Auto Adra"},"image":{"@id":"https:\/\/autoadra.pl\/#\/schema\/logo\/image\/"},"sameAs":["https:\/\/www.facebook.com\/AutoAdra\/"]}]}},"_links":{"self":[{"href":"https:\/\/autoadra.pl\/index.php\/wp-json\/wp\/v2\/pages\/159","targetHints":{"allow":["GET"]}}],"collection":[{"href":"https:\/\/autoadra.pl\/index.php\/wp-json\/wp\/v2\/pages"}],"about":[{"href":"https:\/\/autoadra.pl\/index.php\/wp-json\/wp\/v2\/types\/page"}],"author":[{"embeddable":true,"href":"https:\/\/autoadra.pl\/index.php\/wp-json\/wp\/v2\/users\/1"}],"replies":[{"embeddable":true,"href":"https:\/\/autoadra.pl\/index.php\/wp-json\/wp\/v2\/comments?post=159"}],"version-history":[{"count":14,"href":"https:\/\/autoadra.pl\/index.php\/wp-json\/wp\/v2\/pages\/159\/revisions"}],"predecessor-version":[{"id":458,"href":"https:\/\/autoadra.pl\/index.php\/wp-json\/wp\/v2\/pages\/159\/revisions\/458"}],"wp:attachment":[{"href":"https:\/\/autoadra.pl\/index.php\/wp-json\/wp\/v2\/media?parent=159"}],"curies":[{"name":"wp","href":"https:\/\/api.w.org\/{rel}","templated":true}]}}