{"id":14,"date":"2020-06-08T12:02:11","date_gmt":"2020-06-08T10:02:11","guid":{"rendered":"https:\/\/autoadra.pl\/?page_id=14"},"modified":"2023-03-24T09:16:28","modified_gmt":"2023-03-24T08:16:28","slug":"kontakt","status":"publish","type":"page","link":"https:\/\/autoadra.pl\/index.php\/kontakt\/","title":{"rendered":"Kontakt"},"content":{"rendered":"<hr \/>\n<p style=\"text-align: center;\">Kontakt:<\/p>\n<p style=\"text-align: center;\">Telefon: <strong>607 685 444<\/strong><\/p>\n<p style=\"text-align: center;\">Telefon do biura: 693 133 149<\/p>\n<p style=\"text-align: center;\">E-mail: kontakt@autoadra.pl<\/p>\n<p style=\"text-align: center;\"><a href=\"https:\/\/www.facebook.com\/AutoAdra\/\" target=\"_blank\" rel=\"noopener noreferrer\">Facebook<\/a><\/p>\n<p style=\"text-align: center;\">Adres: <strong>ul. Trzebnicka 31<\/strong> 50 -231 Wroc\u0142aw wjazd od ul. Czochralskiego<\/p>\n<p style=\"text-align: center;\">teren by\u0142ej gazowni<\/p>\n<hr \/>\n<p style=\"text-align: center;\">Poniedzia\u0142ek <strong>8:00-17:00<\/strong><\/p>\n<p style=\"text-align: center;\">Wtorek <strong>8:00-17:00<\/strong><\/p>\n<p style=\"text-align: center;\">\u015aroda <strong>8:00-17:00<\/strong><\/p>\n<p style=\"text-align: center;\">Czwartek<strong> 8:00-17:00<\/strong><\/p>\n<p style=\"text-align: center;\">Pi\u0105tek <strong>8:00-17:00<\/strong><\/p>\n<p style=\"text-align: center;\">Sobota <strong>8:00-12:00<\/strong><\/p>\n<p style=\"text-align: center;\"><span style=\"color: #ff0000;\">Niedziela &#8211; odpoczywamy<br \/>\n<\/span><\/p>\n<hr \/>\n<p style=\"text-align: center;\">Zapraszamy na ogl\u0119dziny samochod\u00f3w. W warsztacie zrobimy wycen\u0119 prac blacharsko-lakierniczych, ustalimy ceny cz\u0119\u015bci oraz przebieg i termin naprawy.<\/p>\n<p>Twoje auto nie jest jezdne? Zadzwo\u0144 i um\u00f3w si\u0119 z nami na ogl\u0119dziny u Ciebie.<\/p>\n<p style=\"text-align: center;\"><span style=\"font-size: 14pt;\">Jak si\u0119 przygotowa\u0107 do przyjazdu?<\/span><\/p>\n<ul>\n<li>\u00a0Zabierz ze sob\u0105 dow\u00f3d rejestracyjny samochodu i dow\u00f3d osobisty.<\/li>\n<li>Na wycen\u0119 przyjed\u017a samochodem, kt\u00f3ry chcesz naprawia\u0107 &#8211; nie wyceniamy naprawy po zdj\u0119ciach i filmikach.<\/li>\n<\/ul>\n<p>&nbsp;<\/p>\n<p>&nbsp;<\/p>\n","protected":false},"excerpt":{"rendered":"<p>Kontakt: Telefon: 607 685 444 Telefon do biura: 693 133 149 E-mail: kontakt@autoadra.pl Facebook Adres: ul. Trzebnicka 31 50 -231 Wroc\u0142aw wjazd od ul. Czochralskiego teren by\u0142ej gazowni Poniedzia\u0142ek 8:00-17:00 Wtorek 8:00-17:00 \u015aroda 8:00-17:00 Czwartek 8:00-17:00 Pi\u0105tek 8:00-17:00 Sobota 8:00-12:00 Niedziela &#8211; odpoczywamy Zapraszamy na ogl\u0119dziny samochod\u00f3w. W warsztacie zrobimy wycen\u0119 prac blacharsko-lakierniczych, ustalimy ceny cz\u0119\u015bci oraz przebieg i termin naprawy. Twoje auto nie jest jezdne? Zadzwo\u0144 i um\u00f3w si\u0119 z nami na ogl\u0119dziny u Ciebie. Jak si\u0119 przygotowa\u0107 do przyjazdu? \u00a0Zabierz ze sob\u0105 dow\u00f3d rejestracyjny samochodu i dow\u00f3d osobisty. Na wycen\u0119 przyjed\u017a samochodem, kt\u00f3ry chcesz naprawia\u0107 &#8211; nie wyceniamy naprawy po zdj\u0119ciach i filmikach. &nbsp; &nbsp;<\/p>\n","protected":false},"author":1,"featured_media":250,"parent":0,"menu_order":0,"comment_status":"closed","ping_status":"closed","template":"","meta":{"footnotes":""},"class_list":["post-14","page","type-page","status-publish","has-post-thumbnail","hentry"],"yoast_head":"<!-- This site is optimized with the Yoast SEO plugin v26.3 - https:\/\/yoast.com\/wordpress\/plugins\/seo\/ -->\n<title>Kontakt Auto Adra - Blacharstwo Lakiernictwo Warsztat Wroc\u0142aw<\/title>\n<meta name=\"description\" content=\"Kontakt: 607 685 444 | kontakt@autoadra.pl ul. Trzebnicka 31 50-231 Wroc\u0142aw | Pn-Pt 8:00-17:00 Sob 8:00-12:00 | \u277b\u24ff\u277c\u25cb\u277b\u277d\u277a\u25cb\u2779\u2779\u2779\" \/>\n<meta name=\"robots\" content=\"index, follow, max-snippet:-1, max-image-preview:large, max-video-preview:-1\" \/>\n<link rel=\"canonical\" href=\"https:\/\/autoadra.pl\/index.php\/kontakt\/\" \/>\n<meta property=\"og:locale\" content=\"pl_PL\" \/>\n<meta property=\"og:type\" content=\"article\" \/>\n<meta property=\"og:title\" content=\"Kontakt Auto Adra - Blacharstwo Lakiernictwo Warsztat Wroc\u0142aw\" \/>\n<meta property=\"og:description\" content=\"Kontakt: 607 685 444 | kontakt@autoadra.pl ul. Trzebnicka 31 50-231 Wroc\u0142aw | Pn-Pt 8:00-17:00 Sob 8:00-12:00 | \u277b\u24ff\u277c\u25cb\u277b\u277d\u277a\u25cb\u2779\u2779\u2779\" \/>\n<meta property=\"og:url\" content=\"https:\/\/autoadra.pl\/index.php\/kontakt\/\" \/>\n<meta property=\"og:site_name\" content=\"Auto Adra\" \/>\n<meta property=\"article:publisher\" content=\"https:\/\/www.facebook.com\/AutoAdra\/\" \/>\n<meta property=\"article:modified_time\" content=\"2023-03-24T08:16:28+00:00\" \/>\n<meta property=\"og:image\" content=\"https:\/\/autoadra.pl\/wp-content\/uploads\/2020\/06\/MG_4824-1.jpg\" \/>\n\t<meta property=\"og:image:width\" content=\"1800\" \/>\n\t<meta property=\"og:image:height\" content=\"1200\" \/>\n\t<meta property=\"og:image:type\" content=\"image\/jpeg\" \/>\n<meta name=\"twitter:card\" content=\"summary_large_image\" \/>\n<meta name=\"twitter:label1\" content=\"Szacowany czas czytania\" \/>\n\t<meta name=\"twitter:data1\" content=\"1 minuta\" \/>\n<script type=\"application\/ld+json\" class=\"yoast-schema-graph\">{\"@context\":\"https:\/\/schema.org\",\"@graph\":[{\"@type\":\"WebPage\",\"@id\":\"https:\/\/autoadra.pl\/index.php\/kontakt\/\",\"url\":\"https:\/\/autoadra.pl\/index.php\/kontakt\/\",\"name\":\"Kontakt Auto Adra - Blacharstwo Lakiernictwo Warsztat Wroc\u0142aw\",\"isPartOf\":{\"@id\":\"https:\/\/autoadra.pl\/#website\"},\"primaryImageOfPage\":{\"@id\":\"https:\/\/autoadra.pl\/index.php\/kontakt\/#primaryimage\"},\"image\":{\"@id\":\"https:\/\/autoadra.pl\/index.php\/kontakt\/#primaryimage\"},\"thumbnailUrl\":\"https:\/\/autoadra.pl\/wp-content\/uploads\/2020\/06\/MG_4824-1.jpg\",\"datePublished\":\"2020-06-08T10:02:11+00:00\",\"dateModified\":\"2023-03-24T08:16:28+00:00\",\"description\":\"Kontakt: 607 685 444 | kontakt@autoadra.pl ul. Trzebnicka 31 50-231 Wroc\u0142aw | Pn-Pt 8:00-17:00 Sob 8:00-12:00 | \u277b\u24ff\u277c\u25cb\u277b\u277d\u277a\u25cb\u2779\u2779\u2779\",\"breadcrumb\":{\"@id\":\"https:\/\/autoadra.pl\/index.php\/kontakt\/#breadcrumb\"},\"inLanguage\":\"pl-PL\",\"potentialAction\":[{\"@type\":\"ReadAction\",\"target\":[\"https:\/\/autoadra.pl\/index.php\/kontakt\/\"]}]},{\"@type\":\"ImageObject\",\"inLanguage\":\"pl-PL\",\"@id\":\"https:\/\/autoadra.pl\/index.php\/kontakt\/#primaryimage\",\"url\":\"https:\/\/autoadra.pl\/wp-content\/uploads\/2020\/06\/MG_4824-1.jpg\",\"contentUrl\":\"https:\/\/autoadra.pl\/wp-content\/uploads\/2020\/06\/MG_4824-1.jpg\",\"width\":1800,\"height\":1200,\"caption\":\"Kontakt Auto Adra Blacharstwo Lakiernictwo Warsztat\"},{\"@type\":\"BreadcrumbList\",\"@id\":\"https:\/\/autoadra.pl\/index.php\/kontakt\/#breadcrumb\",\"itemListElement\":[{\"@type\":\"ListItem\",\"position\":1,\"name\":\"Strona g\u0142\u00f3wna\",\"item\":\"https:\/\/autoadra.pl\/\"},{\"@type\":\"ListItem\",\"position\":2,\"name\":\"Kontakt\"}]},{\"@type\":\"WebSite\",\"@id\":\"https:\/\/autoadra.pl\/#website\",\"url\":\"https:\/\/autoadra.pl\/\",\"name\":\"Auto Adra\",\"description\":\"Blacharstwo Lakiernictwo Wroc\u0142aw\",\"publisher\":{\"@id\":\"https:\/\/autoadra.pl\/#organization\"},\"potentialAction\":[{\"@type\":\"SearchAction\",\"target\":{\"@type\":\"EntryPoint\",\"urlTemplate\":\"https:\/\/autoadra.pl\/?s={search_term_string}\"},\"query-input\":{\"@type\":\"PropertyValueSpecification\",\"valueRequired\":true,\"valueName\":\"search_term_string\"}}],\"inLanguage\":\"pl-PL\"},{\"@type\":\"Organization\",\"@id\":\"https:\/\/autoadra.pl\/#organization\",\"name\":\"Auto Adra\",\"url\":\"https:\/\/autoadra.pl\/\",\"logo\":{\"@type\":\"ImageObject\",\"inLanguage\":\"pl-PL\",\"@id\":\"https:\/\/autoadra.pl\/#\/schema\/logo\/image\/\",\"url\":\"https:\/\/autoadra.pl\/wp-content\/uploads\/2020\/06\/logo_n-czyste-\u2014-kopia-1.png\",\"contentUrl\":\"https:\/\/autoadra.pl\/wp-content\/uploads\/2020\/06\/logo_n-czyste-\u2014-kopia-1.png\",\"width\":450,\"height\":126,\"caption\":\"Auto Adra\"},\"image\":{\"@id\":\"https:\/\/autoadra.pl\/#\/schema\/logo\/image\/\"},\"sameAs\":[\"https:\/\/www.facebook.com\/AutoAdra\/\"]}]}<\/script>\n<!-- \/ Yoast SEO plugin. -->","yoast_head_json":{"title":"Kontakt Auto Adra - Blacharstwo Lakiernictwo Warsztat Wroc\u0142aw","description":"Kontakt: 607 685 444 | kontakt@autoadra.pl ul. Trzebnicka 31 50-231 Wroc\u0142aw | Pn-Pt 8:00-17:00 Sob 8:00-12:00 | \u277b\u24ff\u277c\u25cb\u277b\u277d\u277a\u25cb\u2779\u2779\u2779","robots":{"index":"index","follow":"follow","max-snippet":"max-snippet:-1","max-image-preview":"max-image-preview:large","max-video-preview":"max-video-preview:-1"},"canonical":"https:\/\/autoadra.pl\/index.php\/kontakt\/","og_locale":"pl_PL","og_type":"article","og_title":"Kontakt Auto Adra - Blacharstwo Lakiernictwo Warsztat Wroc\u0142aw","og_description":"Kontakt: 607 685 444 | kontakt@autoadra.pl ul. Trzebnicka 31 50-231 Wroc\u0142aw | Pn-Pt 8:00-17:00 Sob 8:00-12:00 | \u277b\u24ff\u277c\u25cb\u277b\u277d\u277a\u25cb\u2779\u2779\u2779","og_url":"https:\/\/autoadra.pl\/index.php\/kontakt\/","og_site_name":"Auto Adra","article_publisher":"https:\/\/www.facebook.com\/AutoAdra\/","article_modified_time":"2023-03-24T08:16:28+00:00","og_image":[{"width":1800,"height":1200,"url":"https:\/\/autoadra.pl\/wp-content\/uploads\/2020\/06\/MG_4824-1.jpg","type":"image\/jpeg"}],"twitter_card":"summary_large_image","twitter_misc":{"Szacowany czas czytania":"1 minuta"},"schema":{"@context":"https:\/\/schema.org","@graph":[{"@type":"WebPage","@id":"https:\/\/autoadra.pl\/index.php\/kontakt\/","url":"https:\/\/autoadra.pl\/index.php\/kontakt\/","name":"Kontakt Auto Adra - Blacharstwo Lakiernictwo Warsztat Wroc\u0142aw","isPartOf":{"@id":"https:\/\/autoadra.pl\/#website"},"primaryImageOfPage":{"@id":"https:\/\/autoadra.pl\/index.php\/kontakt\/#primaryimage"},"image":{"@id":"https:\/\/autoadra.pl\/index.php\/kontakt\/#primaryimage"},"thumbnailUrl":"https:\/\/autoadra.pl\/wp-content\/uploads\/2020\/06\/MG_4824-1.jpg","datePublished":"2020-06-08T10:02:11+00:00","dateModified":"2023-03-24T08:16:28+00:00","description":"Kontakt: 607 685 444 | kontakt@autoadra.pl ul. Trzebnicka 31 50-231 Wroc\u0142aw | Pn-Pt 8:00-17:00 Sob 8:00-12:00 | \u277b\u24ff\u277c\u25cb\u277b\u277d\u277a\u25cb\u2779\u2779\u2779","breadcrumb":{"@id":"https:\/\/autoadra.pl\/index.php\/kontakt\/#breadcrumb"},"inLanguage":"pl-PL","potentialAction":[{"@type":"ReadAction","target":["https:\/\/autoadra.pl\/index.php\/kontakt\/"]}]},{"@type":"ImageObject","inLanguage":"pl-PL","@id":"https:\/\/autoadra.pl\/index.php\/kontakt\/#primaryimage","url":"https:\/\/autoadra.pl\/wp-content\/uploads\/2020\/06\/MG_4824-1.jpg","contentUrl":"https:\/\/autoadra.pl\/wp-content\/uploads\/2020\/06\/MG_4824-1.jpg","width":1800,"height":1200,"caption":"Kontakt Auto Adra Blacharstwo Lakiernictwo Warsztat"},{"@type":"BreadcrumbList","@id":"https:\/\/autoadra.pl\/index.php\/kontakt\/#breadcrumb","itemListElement":[{"@type":"ListItem","position":1,"name":"Strona g\u0142\u00f3wna","item":"https:\/\/autoadra.pl\/"},{"@type":"ListItem","position":2,"name":"Kontakt"}]},{"@type":"WebSite","@id":"https:\/\/autoadra.pl\/#website","url":"https:\/\/autoadra.pl\/","name":"Auto Adra","description":"Blacharstwo Lakiernictwo Wroc\u0142aw","publisher":{"@id":"https:\/\/autoadra.pl\/#organization"},"potentialAction":[{"@type":"SearchAction","target":{"@type":"EntryPoint","urlTemplate":"https:\/\/autoadra.pl\/?s={search_term_string}"},"query-input":{"@type":"PropertyValueSpecification","valueRequired":true,"valueName":"search_term_string"}}],"inLanguage":"pl-PL"},{"@type":"Organization","@id":"https:\/\/autoadra.pl\/#organization","name":"Auto Adra","url":"https:\/\/autoadra.pl\/","logo":{"@type":"ImageObject","inLanguage":"pl-PL","@id":"https:\/\/autoadra.pl\/#\/schema\/logo\/image\/","url":"https:\/\/autoadra.pl\/wp-content\/uploads\/2020\/06\/logo_n-czyste-\u2014-kopia-1.png","contentUrl":"https:\/\/autoadra.pl\/wp-content\/uploads\/2020\/06\/logo_n-czyste-\u2014-kopia-1.png","width":450,"height":126,"caption":"Auto Adra"},"image":{"@id":"https:\/\/autoadra.pl\/#\/schema\/logo\/image\/"},"sameAs":["https:\/\/www.facebook.com\/AutoAdra\/"]}]}},"_links":{"self":[{"href":"https:\/\/autoadra.pl\/index.php\/wp-json\/wp\/v2\/pages\/14","targetHints":{"allow":["GET"]}}],"collection":[{"href":"https:\/\/autoadra.pl\/index.php\/wp-json\/wp\/v2\/pages"}],"about":[{"href":"https:\/\/autoadra.pl\/index.php\/wp-json\/wp\/v2\/types\/page"}],"author":[{"embeddable":true,"href":"https:\/\/autoadra.pl\/index.php\/wp-json\/wp\/v2\/users\/1"}],"replies":[{"embeddable":true,"href":"https:\/\/autoadra.pl\/index.php\/wp-json\/wp\/v2\/comments?post=14"}],"version-history":[{"count":17,"href":"https:\/\/autoadra.pl\/index.php\/wp-json\/wp\/v2\/pages\/14\/revisions"}],"predecessor-version":[{"id":502,"href":"https:\/\/autoadra.pl\/index.php\/wp-json\/wp\/v2\/pages\/14\/revisions\/502"}],"wp:featuredmedia":[{"embeddable":true,"href":"https:\/\/autoadra.pl\/index.php\/wp-json\/wp\/v2\/media\/250"}],"wp:attachment":[{"href":"https:\/\/autoadra.pl\/index.php\/wp-json\/wp\/v2\/media?parent=14"}],"curies":[{"name":"wp","href":"https:\/\/api.w.org\/{rel}","templated":true}]}}