{"id":12,"date":"2020-06-08T12:02:11","date_gmt":"2020-06-08T10:02:11","guid":{"rendered":"https:\/\/autoadra.pl\/?page_id=12"},"modified":"2025-10-26T17:21:30","modified_gmt":"2025-10-26T16:21:30","slug":"o-firmie","status":"publish","type":"page","link":"https:\/\/autoadra.pl\/","title":{"rendered":"Sprawd\u017a ofert\u0119 naszego warsztatu samochodowego"},"content":{"rendered":"<div class=\"entry-content\">\r\n<h2>Kompleksowe naprawy blacharsko-lakiernicze we Wroc\u0142awiu<\/h2>\r\n<p>Szukasz sprawdzonego <a href=\"https:\/\/autoadra.pl\/index.php\/blacharstwo\/\">blacharza we Wroc\u0142awiu<\/a>? Nasz warsztat oferuje kompleksowe us\u0142ugi blacharskie dla wszystkich marek samochod\u00f3w i\u00a0dla kierowc\u00f3w z ca\u0142ego miasta \u2013 w tym z dzielnic <strong data-start=\"494\" data-end=\"549\">Nadodrze, Psie Pole, Krzyki, Fabryczna, \u015ar\u00f3dmie\u015bcie<\/strong> i <strong data-start=\"552\" data-end=\"568\">Stare Miasto<\/strong>. Gwarantujemy <strong data-start=\"345\" data-end=\"371\">kr\u00f3tkie terminy napraw<\/strong>, <strong data-start=\"373\" data-end=\"411\">samoch\u00f3d zast\u0119pczy na czas serwisu<\/strong> oraz <strong data-start=\"417\" data-end=\"444\">wysok\u0105 jako\u015b\u0107 wykonania<\/strong>. Zapraszamy do kontaktu \u2013 naprawimy Tw\u00f3j samoch\u00f3d szybko, solidnie i w atrakcyjnej cenie.<\/p>\r\n<\/div>\r\n<div class=\"entry-content\">\r\n<p>Posiadamy ponad 30 lat do\u015bwiadczenia oraz zaawansowan\u0105 wiedz\u0119 techniczn\u0105 o <a href=\"https:\/\/autoadra.pl\/index.php\/lakiernictwo\/\">lakiernictwie samochodowym<\/a>. Wsp\u00f3\u0142pracujemy z zaufan\u0105 mieszalni\u0105 lakier\u00f3w, co daje gwarancj\u0119 idealnie dobranego koloru do Twojego auta.<\/p>\r\n<h2>Informacja dla klient\u00f3w AUTO ADRA<\/h2>\r\n<p style=\"text-align: left;\">Je\u015bli by\u0142e\u015b naszym klientem, serdecznie zach\u0119camy Ci\u0119 do wystawianie oceny naszego warsztatu samochodowego oraz us\u0142ug blacharsko-lakierniczych w Google. Nasz\u0105 wizyt\u00f3wk\u0119 znajdziesz pod tym <a href=\"https:\/\/g.page\/r\/CcjY4KtYHi4xEAg\/review\">linkiem<\/a>. Dzi\u0119kujemy Ci za po\u015bwi\u0119cony czas!\u00a0<\/p>\r\n<p style=\"text-align: center;\"><img loading=\"lazy\" decoding=\"async\" class=\"size-medium wp-image-508 aligncenter\" src=\"https:\/\/autoadra.pl\/wp-content\/uploads\/2023\/04\/BLACHARZ-300x218.png\" alt=\"\" width=\"300\" height=\"218\" srcset=\"https:\/\/autoadra.pl\/wp-content\/uploads\/2023\/04\/BLACHARZ-300x218.png 300w, https:\/\/autoadra.pl\/wp-content\/uploads\/2023\/04\/BLACHARZ.png 555w\" sizes=\"auto, (max-width: 300px) 100vw, 300px\" \/><\/p>\r\n<h2 style=\"text-align: left;\">Auto Adra \u2013 blacharstwo i lakiernictwo we Wroc\u0142awiu<\/h2>\r\n<hr \/>\r\n<p style=\"text-align: center;\"><span style=\"font-family: arial, helvetica, sans-serif; font-size: 12pt;\">Warsztat samochodowy <strong>AUTO ADRA<\/strong> z Wroc\u0142awia dzia\u0142a ju\u017c pond 20 lat. Wiek firmy i rzesza zadowolonych, sta\u0142ych klient\u00f3w \u2013 jest doskona\u0142ym powodem do m\u00f3wienia o zaufaniu jakim jeste\u015bmy obdarzani.<\/span><br \/><span style=\"font-family: arial, helvetica, sans-serif; font-size: 12pt;\">G\u0142\u00f3wne prace wykonywane w warsztacie samochodowym to naprawy poszycia auta wykonywane przez blacharza i lakiernika. Zawsze sumiennie oraz rzetelnie \u2013 z troski o Pa\u0144stwa bezpiecze\u0144stwo i komfort.<\/span><br \/><span style=\"font-family: arial, helvetica, sans-serif; font-size: 12pt;\">Ponadto oferujemy r\u00f3wnie\u017c\u00a0<a href=\"https:\/\/autoadra.pl\/index.php\/ozonowanie-odgrzybianie-klimatyzacji\/\">ozonowanie klimatyzacji<\/a>\u00a0oraz\u00a0<a href=\"https:\/\/autoadra.pl\/index.php\/montaz-odstraszaczy-gryzoni\/\">monta\u017c odstraszaczy gryzoni<\/a>.<\/span><\/p>\r\n<p style=\"text-align: center;\"><span style=\"font-size: 12pt; font-family: arial, helvetica, sans-serif;\">Piecz\u0119 nad wszystkim sprawuje do\u015bwiadczony blacharz <strong>Adam Motylski<\/strong>. W zawodzie pracuje ju\u017c ponad 3 dekady \u2013 a niemal dwie prowadzI w\u0142asn\u0105 dzia\u0142alno\u015b\u0107. <br \/><\/span><\/p>\r\n<p style=\"text-align: center;\"><span style=\"font-family: arial, helvetica, sans-serif; font-size: 12pt;\"><strong>W 2001 roku<\/strong> za\u0142o\u017cy\u0142 firm\u0119 <strong>AUTO ADRA<\/strong>, kt\u00f3ra od tamtej pory cieszy si\u0119 bardzo dobrymi opiniami zar\u00f3wno w\u015br\u00f3d sta\u0142ych, jak i nowych klient\u00f3w.<\/span><\/p>\r\n<hr \/>\r\n<div style=\"text-align: center;\"><\/div>\r\n<h2 style=\"text-align: center;\">Jak w naszym warsztacie przebiega kompleksowa naprawa blacharsko-lakiernicza?<\/h2>\r\n<p style=\"text-align: left;\"><span style=\"font-family: arial, helvetica, sans-serif; font-size: 12pt;\">Je\u017celi wstawisz do naszego warsztatu blacharsko-lakierniczego swoje uszkodzone auto, wyjedziesz samochodem zast\u0119pczym<strong>*<\/strong>. A w ustalonym terminie wr\u00f3cisz po swoje profesjonalnie naprawione cztery k\u00f3\u0142ka. Bez zb\u0119dnych formalno\u015bci. Wszystko za\u0142atwimy za Ciebie!<\/span><\/p>\r\n<p style=\"text-align: left;\"><span style=\"font-size: 10pt; font-family: arial, helvetica, sans-serif;\"><strong>*Samoch\u00f3d zast\u0119pczy dotyczy klient\u00f3w, kt\u00f3rzy naprawiaj\u0105 pojazd z OC sprawcy czy AC (je\u015bli umowa z ubezpieczalni\u0105 to obejmuje) lub za dodatkow\u0105 op\u0142at\u0105.<\/strong><\/span><\/p>\r\n<p><span style=\"font-family: arial, helvetica, sans-serif; font-size: 12pt;\">Wystarczy, \u017ce podpiszesz dokumenty dost\u0119pne w za\u0142\u0105cznikach po prawej stronie. Upowa\u017cnienie pozwoli nam w pe\u0142ni obs\u0142u\u017cy\u0107 Twoj\u0105 szkod\u0119. Zaczynaj\u0105c od ogl\u0119dzin samochodu wykonywanych przez rzeczoznawc\u0119, opisu szkody, przygotowania prawid\u0142owego kosztorysu, a\u017c po rozliczenie finansowe z towarzystwem ubezpieczeniowym.<\/span><\/p>\r\n<p><span style=\"font-family: arial, helvetica, sans-serif; font-size: 12pt;\">Cz\u0119\u015b\u0107 os\u00f3b woli zrobi\u0107 sobie ogl\u0119dziny pojazdu pod domem, ale niestety zwykle nie ko\u0144czy si\u0119 to dobrze. Ubezpieczalnie d\u0105\u017c\u0105 do bardzo mocnego zani\u017cenia szkody i obcinaj\u0105 stawki za roboczogodziny. Wybieraj\u0105 cz\u0119\u015bci zamienne zamiast oryginalnych, nie uznaj\u0105 niekt\u00f3rych uszkodzonych element\u00f3w. W warunkach warsztatowych mamy mo\u017cliwo\u015b\u0107 rozebrania samochodu, tak aby wykaza\u0107 wszystkie uszkodzone cz\u0119\u015bci, r\u00f3wnie\u017c te schowane np. pod zderzakiem.<\/span><\/p>\r\n<\/div>\r\n<p><span style=\"font-family: arial, helvetica, sans-serif; font-size: 12pt;\">Wsp\u00f3\u0142pracujemy z firmami takimi jak <a href=\"http:\/\/regplast.pl\/\">Reg-Plast<\/a> czy <a href=\"https:\/\/intercars.pl\/filie\/poi\/?address=&amp;workshop=on&amp;service_id=&amp;viewport=48.99%2C14.12%2C54.84%2C24.15\">Intercars <\/a>oraz wszystkimi dealerami samochodowymi we Wroc\u0142awiu i okolicy.<\/span><\/p>\r\n<div class=\"entry-content\">\r\n<p class=\"n2_ss_slider_publish__option_code\" dir=\"ltr\" data-mode=\"id\"><br \/><br \/><\/p>\r\n<\/div>\r\n","protected":false},"excerpt":{"rendered":"<p>Kompleksowe naprawy blacharsko-lakiernicze we Wroc\u0142awiu Szukasz sprawdzonego blacharza we Wroc\u0142awiu? Nasz warsztat oferuje kompleksowe us\u0142ugi blacharskie dla wszystkich marek samochod\u00f3w i\u00a0dla kierowc\u00f3w z ca\u0142ego miasta \u2013 w tym z dzielnic Nadodrze, Psie Pole, Krzyki, Fabryczna, \u015ar\u00f3dmie\u015bcie i Stare Miasto. Gwarantujemy kr\u00f3tkie terminy napraw, samoch\u00f3d zast\u0119pczy na czas serwisu oraz wysok\u0105 jako\u015b\u0107 wykonania. Zapraszamy do kontaktu \u2013 naprawimy Tw\u00f3j samoch\u00f3d szybko, solidnie i w atrakcyjnej cenie. Posiadamy ponad 30 lat do\u015bwiadczenia oraz zaawansowan\u0105 wiedz\u0119 techniczn\u0105 o lakiernictwie samochodowym. Wsp\u00f3\u0142pracujemy z zaufan\u0105 mieszalni\u0105 lakier\u00f3w, co daje gwarancj\u0119 idealnie dobranego koloru do Twojego auta. Informacja dla klient\u00f3w AUTO ADRA Je\u015bli by\u0142e\u015b naszym klientem, serdecznie zach\u0119camy Ci\u0119 do wystawianie oceny naszego warsztatu samochodowego oraz us\u0142ug blacharsko-lakierniczych w Google. Nasz\u0105 wizyt\u00f3wk\u0119 znajdziesz pod tym linkiem. Dzi\u0119kujemy Ci za po\u015bwi\u0119cony czas!\u00a0 Auto Adra \u2013 blacharstwo i lakiernictwo we Wroc\u0142awiu Warsztat samochodowy AUTO ADRA z Wroc\u0142awia dzia\u0142a ju\u017c pond 20 lat. Wiek firmy i rzesza zadowolonych, sta\u0142ych klient\u00f3w \u2013 jest doskona\u0142ym powodem do m\u00f3wienia o zaufaniu jakim jeste\u015bmy obdarzani.G\u0142\u00f3wne prace wykonywane w warsztacie samochodowym to naprawy poszycia auta wykonywane przez blacharza i lakiernika. Zawsze sumiennie oraz rzetelnie \u2013 z troski o Pa\u0144stwa bezpiecze\u0144stwo i komfort.Ponadto oferujemy r\u00f3wnie\u017c\u00a0ozonowanie klimatyzacji\u00a0oraz\u00a0monta\u017c odstraszaczy gryzoni. Piecz\u0119 nad wszystkim sprawuje do\u015bwiadczony blacharz Adam Motylski. W zawodzie pracuje ju\u017c ponad 3 dekady \u2013 a niemal dwie prowadzI w\u0142asn\u0105 dzia\u0142alno\u015b\u0107. W 2001 roku za\u0142o\u017cy\u0142 firm\u0119 AUTO ADRA, kt\u00f3ra od tamtej pory cieszy si\u0119 bardzo dobrymi opiniami zar\u00f3wno w\u015br\u00f3d sta\u0142ych, jak i nowych klient\u00f3w. Jak w naszym warsztacie przebiega kompleksowa naprawa blacharsko-lakiernicza? Je\u017celi wstawisz do naszego warsztatu blacharsko-lakierniczego swoje uszkodzone auto, wyjedziesz samochodem zast\u0119pczym*. A w ustalonym terminie wr\u00f3cisz po swoje profesjonalnie naprawione cztery k\u00f3\u0142ka. Bez zb\u0119dnych formalno\u015bci. Wszystko za\u0142atwimy za Ciebie! *Samoch\u00f3d zast\u0119pczy dotyczy klient\u00f3w, kt\u00f3rzy naprawiaj\u0105 pojazd z OC sprawcy czy AC (je\u015bli umowa z ubezpieczalni\u0105 to obejmuje) lub za dodatkow\u0105 op\u0142at\u0105. Wystarczy, \u017ce podpiszesz dokumenty dost\u0119pne w za\u0142\u0105cznikach po prawej stronie. Upowa\u017cnienie pozwoli nam w pe\u0142ni obs\u0142u\u017cy\u0107 Twoj\u0105 szkod\u0119. Zaczynaj\u0105c od ogl\u0119dzin samochodu wykonywanych przez rzeczoznawc\u0119, opisu szkody, przygotowania prawid\u0142owego kosztorysu, a\u017c po rozliczenie finansowe z towarzystwem ubezpieczeniowym. Cz\u0119\u015b\u0107 os\u00f3b woli zrobi\u0107 sobie ogl\u0119dziny pojazdu pod domem, ale niestety zwykle nie ko\u0144czy si\u0119 to dobrze. Ubezpieczalnie d\u0105\u017c\u0105 do bardzo mocnego zani\u017cenia szkody i obcinaj\u0105 stawki za roboczogodziny. Wybieraj\u0105 cz\u0119\u015bci zamienne zamiast oryginalnych, nie uznaj\u0105 niekt\u00f3rych uszkodzonych element\u00f3w. W warunkach warsztatowych mamy mo\u017cliwo\u015b\u0107 rozebrania samochodu, tak aby wykaza\u0107 wszystkie uszkodzone cz\u0119\u015bci, r\u00f3wnie\u017c te schowane np. pod zderzakiem. Wsp\u00f3\u0142pracujemy z firmami takimi jak Reg-Plast czy Intercars oraz wszystkimi dealerami samochodowymi we Wroc\u0142awiu i okolicy.<\/p>\n","protected":false},"author":1,"featured_media":0,"parent":0,"menu_order":0,"comment_status":"closed","ping_status":"closed","template":"","meta":{"footnotes":""},"class_list":["post-12","page","type-page","status-publish","hentry"],"yoast_head":"<!-- This site is optimized with the Yoast SEO plugin v26.3 - https:\/\/yoast.com\/wordpress\/plugins\/seo\/ -->\n<title>Warsztat Auto Adra - Blacharstwo Lakiernictwo Wroc\u0142aw Centrum | O firmie<\/title>\n<meta name=\"description\" content=\"Blacharstwo \u2022 Lakiernictwo \u2022 Wroc\u0142aw, Trzebnicka 31 \u2022 30 lat do\u015bwiadczenia \u2022 Telefon: 607685444 \u2022 Kompleksowe naprawy powypadkowe \u2022\" \/>\n<meta name=\"robots\" content=\"index, follow, max-snippet:-1, max-image-preview:large, max-video-preview:-1\" \/>\n<link rel=\"canonical\" href=\"https:\/\/autoadra.pl\/\" \/>\n<meta property=\"og:locale\" content=\"pl_PL\" \/>\n<meta property=\"og:type\" content=\"article\" \/>\n<meta property=\"og:title\" content=\"Warsztat Auto Adra - Blacharstwo Lakiernictwo Wroc\u0142aw Centrum | O firmie\" \/>\n<meta property=\"og:description\" content=\"Blacharstwo \u2022 Lakiernictwo \u2022 Wroc\u0142aw, Trzebnicka 31 \u2022 30 lat do\u015bwiadczenia \u2022 Telefon: 607685444 \u2022 Kompleksowe naprawy powypadkowe \u2022\" \/>\n<meta property=\"og:url\" content=\"https:\/\/autoadra.pl\/\" \/>\n<meta property=\"og:site_name\" content=\"Auto Adra\" \/>\n<meta property=\"article:publisher\" content=\"https:\/\/www.facebook.com\/AutoAdra\/\" \/>\n<meta property=\"article:modified_time\" content=\"2025-10-26T16:21:30+00:00\" \/>\n<meta property=\"og:image\" content=\"https:\/\/autoadra.pl\/wp-content\/uploads\/2023\/04\/BLACHARZ.png\" \/>\n\t<meta property=\"og:image:width\" content=\"555\" \/>\n\t<meta property=\"og:image:height\" content=\"403\" \/>\n\t<meta property=\"og:image:type\" content=\"image\/png\" \/>\n<meta name=\"twitter:card\" content=\"summary_large_image\" \/>\n<meta name=\"twitter:label1\" content=\"Szacowany czas czytania\" \/>\n\t<meta name=\"twitter:data1\" content=\"3 minuty\" \/>\n<script type=\"application\/ld+json\" class=\"yoast-schema-graph\">{\"@context\":\"https:\/\/schema.org\",\"@graph\":[{\"@type\":\"WebPage\",\"@id\":\"https:\/\/autoadra.pl\/\",\"url\":\"https:\/\/autoadra.pl\/\",\"name\":\"Warsztat Auto Adra - Blacharstwo Lakiernictwo Wroc\u0142aw Centrum | O firmie\",\"isPartOf\":{\"@id\":\"https:\/\/autoadra.pl\/#website\"},\"primaryImageOfPage\":{\"@id\":\"https:\/\/autoadra.pl\/#primaryimage\"},\"image\":{\"@id\":\"https:\/\/autoadra.pl\/#primaryimage\"},\"thumbnailUrl\":\"https:\/\/autoadra.pl\/wp-content\/uploads\/2023\/04\/BLACHARZ-300x218.png\",\"datePublished\":\"2020-06-08T10:02:11+00:00\",\"dateModified\":\"2025-10-26T16:21:30+00:00\",\"description\":\"Blacharstwo \u2022 Lakiernictwo \u2022 Wroc\u0142aw, Trzebnicka 31 \u2022 30 lat do\u015bwiadczenia \u2022 Telefon: 607685444 \u2022 Kompleksowe naprawy powypadkowe \u2022\",\"breadcrumb\":{\"@id\":\"https:\/\/autoadra.pl\/#breadcrumb\"},\"inLanguage\":\"pl-PL\",\"potentialAction\":[{\"@type\":\"ReadAction\",\"target\":[\"https:\/\/autoadra.pl\/\"]}]},{\"@type\":\"ImageObject\",\"inLanguage\":\"pl-PL\",\"@id\":\"https:\/\/autoadra.pl\/#primaryimage\",\"url\":\"https:\/\/autoadra.pl\/wp-content\/uploads\/2023\/04\/BLACHARZ.png\",\"contentUrl\":\"https:\/\/autoadra.pl\/wp-content\/uploads\/2023\/04\/BLACHARZ.png\",\"width\":555,\"height\":403},{\"@type\":\"BreadcrumbList\",\"@id\":\"https:\/\/autoadra.pl\/#breadcrumb\",\"itemListElement\":[{\"@type\":\"ListItem\",\"position\":1,\"name\":\"Strona g\u0142\u00f3wna\",\"item\":\"https:\/\/autoadra.pl\/\"},{\"@type\":\"ListItem\",\"position\":2,\"name\":\"Sprawd\u017a ofert\u0119 naszego warsztatu samochodowego\"}]},{\"@type\":\"WebSite\",\"@id\":\"https:\/\/autoadra.pl\/#website\",\"url\":\"https:\/\/autoadra.pl\/\",\"name\":\"Auto Adra\",\"description\":\"Blacharstwo Lakiernictwo Wroc\u0142aw\",\"publisher\":{\"@id\":\"https:\/\/autoadra.pl\/#organization\"},\"potentialAction\":[{\"@type\":\"SearchAction\",\"target\":{\"@type\":\"EntryPoint\",\"urlTemplate\":\"https:\/\/autoadra.pl\/?s={search_term_string}\"},\"query-input\":{\"@type\":\"PropertyValueSpecification\",\"valueRequired\":true,\"valueName\":\"search_term_string\"}}],\"inLanguage\":\"pl-PL\"},{\"@type\":\"Organization\",\"@id\":\"https:\/\/autoadra.pl\/#organization\",\"name\":\"Auto Adra\",\"url\":\"https:\/\/autoadra.pl\/\",\"logo\":{\"@type\":\"ImageObject\",\"inLanguage\":\"pl-PL\",\"@id\":\"https:\/\/autoadra.pl\/#\/schema\/logo\/image\/\",\"url\":\"https:\/\/autoadra.pl\/wp-content\/uploads\/2020\/06\/logo_n-czyste-\u2014-kopia-1.png\",\"contentUrl\":\"https:\/\/autoadra.pl\/wp-content\/uploads\/2020\/06\/logo_n-czyste-\u2014-kopia-1.png\",\"width\":450,\"height\":126,\"caption\":\"Auto Adra\"},\"image\":{\"@id\":\"https:\/\/autoadra.pl\/#\/schema\/logo\/image\/\"},\"sameAs\":[\"https:\/\/www.facebook.com\/AutoAdra\/\"]}]}<\/script>\n<!-- \/ Yoast SEO plugin. -->","yoast_head_json":{"title":"Warsztat Auto Adra - Blacharstwo Lakiernictwo Wroc\u0142aw Centrum | O firmie","description":"Blacharstwo \u2022 Lakiernictwo \u2022 Wroc\u0142aw, Trzebnicka 31 \u2022 30 lat do\u015bwiadczenia \u2022 Telefon: 607685444 \u2022 Kompleksowe naprawy powypadkowe \u2022","robots":{"index":"index","follow":"follow","max-snippet":"max-snippet:-1","max-image-preview":"max-image-preview:large","max-video-preview":"max-video-preview:-1"},"canonical":"https:\/\/autoadra.pl\/","og_locale":"pl_PL","og_type":"article","og_title":"Warsztat Auto Adra - Blacharstwo Lakiernictwo Wroc\u0142aw Centrum | O firmie","og_description":"Blacharstwo \u2022 Lakiernictwo \u2022 Wroc\u0142aw, Trzebnicka 31 \u2022 30 lat do\u015bwiadczenia \u2022 Telefon: 607685444 \u2022 Kompleksowe naprawy powypadkowe \u2022","og_url":"https:\/\/autoadra.pl\/","og_site_name":"Auto Adra","article_publisher":"https:\/\/www.facebook.com\/AutoAdra\/","article_modified_time":"2025-10-26T16:21:30+00:00","og_image":[{"width":555,"height":403,"url":"https:\/\/autoadra.pl\/wp-content\/uploads\/2023\/04\/BLACHARZ.png","type":"image\/png"}],"twitter_card":"summary_large_image","twitter_misc":{"Szacowany czas czytania":"3 minuty"},"schema":{"@context":"https:\/\/schema.org","@graph":[{"@type":"WebPage","@id":"https:\/\/autoadra.pl\/","url":"https:\/\/autoadra.pl\/","name":"Warsztat Auto Adra - Blacharstwo Lakiernictwo Wroc\u0142aw Centrum | O firmie","isPartOf":{"@id":"https:\/\/autoadra.pl\/#website"},"primaryImageOfPage":{"@id":"https:\/\/autoadra.pl\/#primaryimage"},"image":{"@id":"https:\/\/autoadra.pl\/#primaryimage"},"thumbnailUrl":"https:\/\/autoadra.pl\/wp-content\/uploads\/2023\/04\/BLACHARZ-300x218.png","datePublished":"2020-06-08T10:02:11+00:00","dateModified":"2025-10-26T16:21:30+00:00","description":"Blacharstwo \u2022 Lakiernictwo \u2022 Wroc\u0142aw, Trzebnicka 31 \u2022 30 lat do\u015bwiadczenia \u2022 Telefon: 607685444 \u2022 Kompleksowe naprawy powypadkowe \u2022","breadcrumb":{"@id":"https:\/\/autoadra.pl\/#breadcrumb"},"inLanguage":"pl-PL","potentialAction":[{"@type":"ReadAction","target":["https:\/\/autoadra.pl\/"]}]},{"@type":"ImageObject","inLanguage":"pl-PL","@id":"https:\/\/autoadra.pl\/#primaryimage","url":"https:\/\/autoadra.pl\/wp-content\/uploads\/2023\/04\/BLACHARZ.png","contentUrl":"https:\/\/autoadra.pl\/wp-content\/uploads\/2023\/04\/BLACHARZ.png","width":555,"height":403},{"@type":"BreadcrumbList","@id":"https:\/\/autoadra.pl\/#breadcrumb","itemListElement":[{"@type":"ListItem","position":1,"name":"Strona g\u0142\u00f3wna","item":"https:\/\/autoadra.pl\/"},{"@type":"ListItem","position":2,"name":"Sprawd\u017a ofert\u0119 naszego warsztatu samochodowego"}]},{"@type":"WebSite","@id":"https:\/\/autoadra.pl\/#website","url":"https:\/\/autoadra.pl\/","name":"Auto Adra","description":"Blacharstwo Lakiernictwo Wroc\u0142aw","publisher":{"@id":"https:\/\/autoadra.pl\/#organization"},"potentialAction":[{"@type":"SearchAction","target":{"@type":"EntryPoint","urlTemplate":"https:\/\/autoadra.pl\/?s={search_term_string}"},"query-input":{"@type":"PropertyValueSpecification","valueRequired":true,"valueName":"search_term_string"}}],"inLanguage":"pl-PL"},{"@type":"Organization","@id":"https:\/\/autoadra.pl\/#organization","name":"Auto Adra","url":"https:\/\/autoadra.pl\/","logo":{"@type":"ImageObject","inLanguage":"pl-PL","@id":"https:\/\/autoadra.pl\/#\/schema\/logo\/image\/","url":"https:\/\/autoadra.pl\/wp-content\/uploads\/2020\/06\/logo_n-czyste-\u2014-kopia-1.png","contentUrl":"https:\/\/autoadra.pl\/wp-content\/uploads\/2020\/06\/logo_n-czyste-\u2014-kopia-1.png","width":450,"height":126,"caption":"Auto Adra"},"image":{"@id":"https:\/\/autoadra.pl\/#\/schema\/logo\/image\/"},"sameAs":["https:\/\/www.facebook.com\/AutoAdra\/"]}]}},"_links":{"self":[{"href":"https:\/\/autoadra.pl\/index.php\/wp-json\/wp\/v2\/pages\/12","targetHints":{"allow":["GET"]}}],"collection":[{"href":"https:\/\/autoadra.pl\/index.php\/wp-json\/wp\/v2\/pages"}],"about":[{"href":"https:\/\/autoadra.pl\/index.php\/wp-json\/wp\/v2\/types\/page"}],"author":[{"embeddable":true,"href":"https:\/\/autoadra.pl\/index.php\/wp-json\/wp\/v2\/users\/1"}],"replies":[{"embeddable":true,"href":"https:\/\/autoadra.pl\/index.php\/wp-json\/wp\/v2\/comments?post=12"}],"version-history":[{"count":55,"href":"https:\/\/autoadra.pl\/index.php\/wp-json\/wp\/v2\/pages\/12\/revisions"}],"predecessor-version":[{"id":537,"href":"https:\/\/autoadra.pl\/index.php\/wp-json\/wp\/v2\/pages\/12\/revisions\/537"}],"wp:attachment":[{"href":"https:\/\/autoadra.pl\/index.php\/wp-json\/wp\/v2\/media?parent=12"}],"curies":[{"name":"wp","href":"https:\/\/api.w.org\/{rel}","templated":true}]}}