{"id":115,"date":"2020-06-16T14:21:56","date_gmt":"2020-06-16T12:21:56","guid":{"rendered":"https:\/\/autoadra.pl\/index.php\/czlonkowie\/"},"modified":"2021-06-29T15:39:46","modified_gmt":"2021-06-29T13:39:46","slug":"spawanie-plastiku","status":"publish","type":"page","link":"https:\/\/autoadra.pl\/index.php\/spawanie-plastiku\/","title":{"rendered":"Spawanie plastiku"},"content":{"rendered":"<p><b>W naszym warsztacie we Wroc\u0142awiu zajmujemy si\u0119 regeneracj\u0105 zderzak\u00f3w oraz profesjonalnie przeprowadzamy spawanie plastiku \u2013 g\u0142\u00f3wnie plastiku samochodowego.<\/b><\/p>\n<h2><span style=\"font-weight: 400;\">Jaki rodzaj plastiku mo\u017cemy spawa\u0107?<\/span><\/h2>\n<p><span style=\"font-weight: 400;\">\u017beby wykonanie us\u0142ugi by\u0142o mo\u017cliwe, ka\u017cdy z plastikowych element\u00f3w powinien mie\u0107 jedno z poni\u017cszych oznacze\u0144:<\/span><b><br \/>\n<\/b><\/p>\n<ul>\n<li><span style=\"font-weight: 400;\">PP+ ET2X<\/span><\/li>\n<li><span style=\"font-weight: 400;\">PP+ EPDM<\/span><\/li>\n<li><span style=\"font-weight: 400;\">PP+T2X<\/span><\/li>\n<li><span style=\"font-weight: 400;\">PP +EM1<\/span><\/li>\n<li><span style=\"font-weight: 400;\">PP+E<\/span><\/li>\n<li><span style=\"font-weight: 400;\">PP<\/span><\/li>\n<li><span style=\"font-weight: 400;\">PEHD<\/span><\/li>\n<li><span style=\"font-weight: 400;\">PELD<\/span><\/li>\n<li><span style=\"font-weight: 400;\">HIPS<\/span><\/li>\n<li><span style=\"font-weight: 400;\">GPPS<\/span><\/li>\n<li><span style=\"font-weight: 400;\">ABS<\/span><\/li>\n<li><span style=\"font-weight: 400;\">ASA<\/span><\/li>\n<li><span style=\"font-weight: 400;\">POM<\/span><\/li>\n<li><span style=\"font-weight: 400;\">PCW<\/span><\/li>\n<li><span style=\"font-weight: 400;\">PC<\/span><\/li>\n<li><span style=\"font-weight: 400;\">PC+PBT<\/span><\/li>\n<li><span style=\"font-weight: 400;\">PC+ABS<\/span><\/li>\n<li><span style=\"font-weight: 400;\">PA<\/span><\/li>\n<li><span style=\"font-weight: 400;\">PA+ABS<\/span><\/li>\n<li><span style=\"font-weight: 400;\">PET<\/span><\/li>\n<li><span style=\"font-weight: 400;\">PE<\/span><\/li>\n<li><span style=\"font-weight: 400;\">PE+HDPE<\/span><\/li>\n<li><span style=\"font-weight: 400;\">PE+TWARDE<\/span><\/li>\n<\/ul>\n<p><b>Nie spawamy plastik\u00f3w typu pude\u0142ka, ma\u0142e AGD, zabawki.<\/b><\/p>\n<h2><span style=\"font-weight: 400;\">Spawanie plastiku samochodowego\u00a0<\/span><\/h2>\n<p><span style=\"font-weight: 400;\">Czasem po st\u0142uczce okazuje si\u0119, \u017ce zderzak przedni b\u0105d\u017a tylny uleg\u0142 uszkodzeniu, np. z\u0142ama\u0142 si\u0119 lub p\u0119k\u0142. \u017beby przywr\u00f3ci\u0107 samoch\u00f3d do stanu sprzed zdarzenia wcale nie trzeba wydawa\u0107 ogromnej kwoty. Bardzo cz\u0119st\u0105 praktyk\u0105 jest regeneracja zderzaka, kt\u00f3ra polega na spawaniu plastiku. Profesjonalnie wykonana naprawa przywraca element do dawnej funkcji. Po zespawaniu zderzaka studzimy go, a nadmiar spoiwa usuwamy i wyg\u0142adzamy. Nast\u0119pnie przygotowujemy go do lakierowania i wykonujemy lakierowanie w\u0142a\u015bciwe. Na koniec zderzak montujemy na nadwozie samochodu. Po p\u0119kni\u0119ciach nie ma \u017cadnego \u015bladu.<\/span><\/p>\n<p><span style=\"font-weight: 400;\">Niezale\u017cnie od tego czy p\u0119kni\u0119te jest poszycie zderzaka czy uchwyty mocowania, w wi\u0119kszo\u015bci przypadk\u00f3w zderzak mo\u017cna naprawi\u0107. Przy mocno zniszczonych zderzakach taniej jest kupi\u0107 u\u017cywany element b\u0105d\u017a nowy zderzak. Je\u017celi tak b\u0119dzie w Twoim przypadku \u2013 przeprowadzimy Ci\u0119 przez ca\u0142y proces, doradzimy wyb\u00f3r oraz znajdziemy odpowiedniego dostawc\u0119.<\/span><\/p>\n<h2><span style=\"font-weight: 400;\">Ile kosztuje spawanie plastiku samochodowego?<\/span><\/h2>\n<p><span style=\"font-weight: 400;\">Cena naprawy zale\u017cna jest od wielko\u015bci szkody. Wycen\u0119 wykonujemy wy\u0142\u0105cznie w naszym warsztacie przy ulicy Trzebnickiej 33. Nie jeste\u015bmy w stanie oceni\u0107 wszystkich uszkodze\u0144 po zdj\u0119ciach, filmikach czy wy\u0142\u0105cznie z Twojego opisu. Zdemontujemy element z auta, zobaczymy czy pod spodem nic nie uleg\u0142o zniszczeniu, a nast\u0119pnie porozmawiamy z Tob\u0105 o sposobie naprawy.<\/span><\/p>\n<h2><span style=\"font-weight: 400;\">Kompleksowa naprawa w naszym warsztacie we Wroc\u0142awiu<\/span><\/h2>\n<p><span style=\"font-weight: 400;\">Zapewniamy r\u00f3wnie\u017c bezgot\u00f3wkow\u0105 obs\u0142ug\u0119 szk\u00f3d z OC oraz <\/span><a href=\"https:\/\/autoadra.pl\/index.php\/samochody-zastepcze\/\"><span style=\"font-weight: 400;\">samoch\u00f3d zast\u0119pczy<\/span><\/a><span style=\"font-weight: 400;\"> na technologiczny lub ca\u0142kowity czas naprawy. \u015awiadczymy r\u00f3wnie\u017c us\u0142ugi z zakresu <\/span><a href=\"https:\/\/autoadra.pl\/index.php\/lakiernictwo\/\"><span style=\"font-weight: 400;\">lakiernictwa samochodowego<\/span><\/a><span style=\"font-weight: 400;\"> czy <\/span><a href=\"https:\/\/autoadra.pl\/index.php\/blacharstwo\/\"><span style=\"font-weight: 400;\">blacharstwa<\/span><\/a><span style=\"font-weight: 400;\">, zapewniaj\u0105c kompleksow\u0105 us\u0142ug\u0119 po wypadku.\u00a0<\/span><\/p>\n<p><span style=\"font-weight: 400;\">Je\u017celi potrzebujesz wyceny swojej szkody, um\u00f3w si\u0119 na wizyt\u0119 w naszym warsztacie pod numerem: 607-685-444 <\/span><\/p>\n<p>&nbsp;<\/p>\n<p style=\"text-align: center;\"><span style=\"color: #00ccff;\"><a style=\"color: #00ccff;\" href=\"http:\/\/facebook.pl\/Autoadra\">Znajd\u017a nas na facebook<\/a><\/span><\/p>\n<p style=\"text-align: center;\"><a href=\"https:\/\/autoadra.pl\/index.php\/kontakt\/\">Kontakt<\/a><\/p>\n","protected":false},"excerpt":{"rendered":"<p>W naszym warsztacie we Wroc\u0142awiu zajmujemy si\u0119 regeneracj\u0105 zderzak\u00f3w oraz profesjonalnie przeprowadzamy spawanie plastiku \u2013 g\u0142\u00f3wnie plastiku samochodowego. Jaki rodzaj plastiku mo\u017cemy spawa\u0107? \u017beby wykonanie us\u0142ugi by\u0142o mo\u017cliwe, ka\u017cdy z plastikowych element\u00f3w powinien mie\u0107 jedno z poni\u017cszych oznacze\u0144: PP+ ET2X PP+ EPDM PP+T2X PP +EM1 PP+E PP PEHD PELD HIPS GPPS ABS ASA POM PCW PC PC+PBT PC+ABS PA PA+ABS PET PE PE+HDPE PE+TWARDE Nie spawamy plastik\u00f3w typu pude\u0142ka, ma\u0142e AGD, zabawki. Spawanie plastiku samochodowego\u00a0 Czasem po st\u0142uczce okazuje si\u0119, \u017ce zderzak przedni b\u0105d\u017a tylny uleg\u0142 uszkodzeniu, np. z\u0142ama\u0142 si\u0119 lub p\u0119k\u0142. \u017beby przywr\u00f3ci\u0107 samoch\u00f3d do stanu sprzed zdarzenia wcale nie trzeba wydawa\u0107 ogromnej kwoty. Bardzo cz\u0119st\u0105 praktyk\u0105 jest regeneracja zderzaka, kt\u00f3ra polega na spawaniu plastiku. Profesjonalnie wykonana naprawa przywraca element do dawnej funkcji. Po zespawaniu zderzaka studzimy go, a nadmiar spoiwa usuwamy i wyg\u0142adzamy. Nast\u0119pnie przygotowujemy go do lakierowania i wykonujemy lakierowanie w\u0142a\u015bciwe. Na koniec zderzak montujemy na nadwozie samochodu. Po p\u0119kni\u0119ciach nie ma \u017cadnego \u015bladu. Niezale\u017cnie od tego czy p\u0119kni\u0119te jest poszycie zderzaka czy uchwyty mocowania, w wi\u0119kszo\u015bci przypadk\u00f3w zderzak mo\u017cna naprawi\u0107. Przy mocno zniszczonych zderzakach taniej jest kupi\u0107 u\u017cywany element b\u0105d\u017a nowy zderzak. Je\u017celi tak b\u0119dzie w Twoim przypadku \u2013 przeprowadzimy Ci\u0119 przez ca\u0142y proces, doradzimy wyb\u00f3r oraz znajdziemy odpowiedniego dostawc\u0119. Ile kosztuje spawanie plastiku samochodowego? Cena naprawy zale\u017cna jest od wielko\u015bci szkody. Wycen\u0119 wykonujemy wy\u0142\u0105cznie w naszym warsztacie przy ulicy Trzebnickiej 33. Nie jeste\u015bmy w stanie oceni\u0107 wszystkich uszkodze\u0144 po zdj\u0119ciach, filmikach czy wy\u0142\u0105cznie z Twojego opisu. Zdemontujemy element z auta, zobaczymy czy pod spodem nic nie uleg\u0142o zniszczeniu, a nast\u0119pnie porozmawiamy z Tob\u0105 o sposobie naprawy. Kompleksowa naprawa w naszym warsztacie we Wroc\u0142awiu Zapewniamy r\u00f3wnie\u017c bezgot\u00f3wkow\u0105 obs\u0142ug\u0119 szk\u00f3d z OC oraz samoch\u00f3d zast\u0119pczy na technologiczny lub ca\u0142kowity czas naprawy. \u015awiadczymy r\u00f3wnie\u017c us\u0142ugi z zakresu lakiernictwa samochodowego czy blacharstwa, zapewniaj\u0105c kompleksow\u0105 us\u0142ug\u0119 po wypadku.\u00a0 Je\u017celi potrzebujesz wyceny swojej szkody, um\u00f3w si\u0119 na wizyt\u0119 w naszym warsztacie pod numerem: 607-685-444 &nbsp; Znajd\u017a nas na facebook Kontakt<\/p>\n","protected":false},"author":1,"featured_media":279,"parent":0,"menu_order":0,"comment_status":"closed","ping_status":"closed","template":"","meta":{"footnotes":""},"class_list":["post-115","page","type-page","status-publish","has-post-thumbnail","hentry"],"yoast_head":"<!-- This site is optimized with the Yoast SEO plugin v26.3 - https:\/\/yoast.com\/wordpress\/plugins\/seo\/ -->\n<title>Spawanie plastiku - Auto Adra ul. Trzebnicka 31 Wroc\u0142aw 607-685-444<\/title>\n<meta name=\"description\" content=\"Profesjonalne spawanie plastiku \u25cf Plastiki samochodowe \u25cf Regeneracja zderzak\u00f3w \u25cf Szeroki wyb\u00f3r tworzyw sztucznych \u25cf Do\u015bwiadczenie\" \/>\n<meta name=\"robots\" content=\"index, follow, max-snippet:-1, max-image-preview:large, max-video-preview:-1\" \/>\n<link rel=\"canonical\" href=\"https:\/\/autoadra.pl\/index.php\/spawanie-plastiku\/\" \/>\n<meta property=\"og:locale\" content=\"pl_PL\" \/>\n<meta property=\"og:type\" content=\"article\" \/>\n<meta property=\"og:title\" content=\"Spawanie plastiku - Auto Adra ul. Trzebnicka 31 Wroc\u0142aw 607-685-444\" \/>\n<meta property=\"og:description\" content=\"Profesjonalne spawanie plastiku \u25cf Plastiki samochodowe \u25cf Regeneracja zderzak\u00f3w \u25cf Szeroki wyb\u00f3r tworzyw sztucznych \u25cf Do\u015bwiadczenie\" \/>\n<meta property=\"og:url\" content=\"https:\/\/autoadra.pl\/index.php\/spawanie-plastiku\/\" \/>\n<meta property=\"og:site_name\" content=\"Auto Adra\" \/>\n<meta property=\"article:publisher\" content=\"https:\/\/www.facebook.com\/AutoAdra\/\" \/>\n<meta property=\"article:modified_time\" content=\"2021-06-29T13:39:46+00:00\" \/>\n<meta property=\"og:image\" content=\"https:\/\/autoadra.pl\/wp-content\/uploads\/2020\/07\/PART_1520421582375.jpeg\" \/>\n\t<meta property=\"og:image:width\" content=\"791\" \/>\n\t<meta property=\"og:image:height\" content=\"687\" \/>\n\t<meta property=\"og:image:type\" content=\"image\/jpeg\" \/>\n<meta name=\"twitter:card\" content=\"summary_large_image\" \/>\n<meta name=\"twitter:label1\" content=\"Szacowany czas czytania\" \/>\n\t<meta name=\"twitter:data1\" content=\"2 minuty\" \/>\n<script type=\"application\/ld+json\" class=\"yoast-schema-graph\">{\"@context\":\"https:\/\/schema.org\",\"@graph\":[{\"@type\":\"WebPage\",\"@id\":\"https:\/\/autoadra.pl\/index.php\/spawanie-plastiku\/\",\"url\":\"https:\/\/autoadra.pl\/index.php\/spawanie-plastiku\/\",\"name\":\"Spawanie plastiku - Auto Adra ul. Trzebnicka 31 Wroc\u0142aw 607-685-444\",\"isPartOf\":{\"@id\":\"https:\/\/autoadra.pl\/#website\"},\"primaryImageOfPage\":{\"@id\":\"https:\/\/autoadra.pl\/index.php\/spawanie-plastiku\/#primaryimage\"},\"image\":{\"@id\":\"https:\/\/autoadra.pl\/index.php\/spawanie-plastiku\/#primaryimage\"},\"thumbnailUrl\":\"https:\/\/autoadra.pl\/wp-content\/uploads\/2020\/07\/PART_1520421582375.jpeg\",\"datePublished\":\"2020-06-16T12:21:56+00:00\",\"dateModified\":\"2021-06-29T13:39:46+00:00\",\"description\":\"Profesjonalne spawanie plastiku \u25cf Plastiki samochodowe \u25cf Regeneracja zderzak\u00f3w \u25cf Szeroki wyb\u00f3r tworzyw sztucznych \u25cf Do\u015bwiadczenie\",\"breadcrumb\":{\"@id\":\"https:\/\/autoadra.pl\/index.php\/spawanie-plastiku\/#breadcrumb\"},\"inLanguage\":\"pl-PL\",\"potentialAction\":[{\"@type\":\"ReadAction\",\"target\":[\"https:\/\/autoadra.pl\/index.php\/spawanie-plastiku\/\"]}]},{\"@type\":\"ImageObject\",\"inLanguage\":\"pl-PL\",\"@id\":\"https:\/\/autoadra.pl\/index.php\/spawanie-plastiku\/#primaryimage\",\"url\":\"https:\/\/autoadra.pl\/wp-content\/uploads\/2020\/07\/PART_1520421582375.jpeg\",\"contentUrl\":\"https:\/\/autoadra.pl\/wp-content\/uploads\/2020\/07\/PART_1520421582375.jpeg\",\"width\":791,\"height\":687,\"caption\":\"P\u0119kni\u0119ty zderzak spawanie plastiku\"},{\"@type\":\"BreadcrumbList\",\"@id\":\"https:\/\/autoadra.pl\/index.php\/spawanie-plastiku\/#breadcrumb\",\"itemListElement\":[{\"@type\":\"ListItem\",\"position\":1,\"name\":\"Strona g\u0142\u00f3wna\",\"item\":\"https:\/\/autoadra.pl\/\"},{\"@type\":\"ListItem\",\"position\":2,\"name\":\"Spawanie plastiku\"}]},{\"@type\":\"WebSite\",\"@id\":\"https:\/\/autoadra.pl\/#website\",\"url\":\"https:\/\/autoadra.pl\/\",\"name\":\"Auto Adra\",\"description\":\"Blacharstwo Lakiernictwo Wroc\u0142aw\",\"publisher\":{\"@id\":\"https:\/\/autoadra.pl\/#organization\"},\"potentialAction\":[{\"@type\":\"SearchAction\",\"target\":{\"@type\":\"EntryPoint\",\"urlTemplate\":\"https:\/\/autoadra.pl\/?s={search_term_string}\"},\"query-input\":{\"@type\":\"PropertyValueSpecification\",\"valueRequired\":true,\"valueName\":\"search_term_string\"}}],\"inLanguage\":\"pl-PL\"},{\"@type\":\"Organization\",\"@id\":\"https:\/\/autoadra.pl\/#organization\",\"name\":\"Auto Adra\",\"url\":\"https:\/\/autoadra.pl\/\",\"logo\":{\"@type\":\"ImageObject\",\"inLanguage\":\"pl-PL\",\"@id\":\"https:\/\/autoadra.pl\/#\/schema\/logo\/image\/\",\"url\":\"https:\/\/autoadra.pl\/wp-content\/uploads\/2020\/06\/logo_n-czyste-\u2014-kopia-1.png\",\"contentUrl\":\"https:\/\/autoadra.pl\/wp-content\/uploads\/2020\/06\/logo_n-czyste-\u2014-kopia-1.png\",\"width\":450,\"height\":126,\"caption\":\"Auto Adra\"},\"image\":{\"@id\":\"https:\/\/autoadra.pl\/#\/schema\/logo\/image\/\"},\"sameAs\":[\"https:\/\/www.facebook.com\/AutoAdra\/\"]}]}<\/script>\n<!-- \/ Yoast SEO plugin. -->","yoast_head_json":{"title":"Spawanie plastiku - Auto Adra ul. Trzebnicka 31 Wroc\u0142aw 607-685-444","description":"Profesjonalne spawanie plastiku \u25cf Plastiki samochodowe \u25cf Regeneracja zderzak\u00f3w \u25cf Szeroki wyb\u00f3r tworzyw sztucznych \u25cf Do\u015bwiadczenie","robots":{"index":"index","follow":"follow","max-snippet":"max-snippet:-1","max-image-preview":"max-image-preview:large","max-video-preview":"max-video-preview:-1"},"canonical":"https:\/\/autoadra.pl\/index.php\/spawanie-plastiku\/","og_locale":"pl_PL","og_type":"article","og_title":"Spawanie plastiku - Auto Adra ul. Trzebnicka 31 Wroc\u0142aw 607-685-444","og_description":"Profesjonalne spawanie plastiku \u25cf Plastiki samochodowe \u25cf Regeneracja zderzak\u00f3w \u25cf Szeroki wyb\u00f3r tworzyw sztucznych \u25cf Do\u015bwiadczenie","og_url":"https:\/\/autoadra.pl\/index.php\/spawanie-plastiku\/","og_site_name":"Auto Adra","article_publisher":"https:\/\/www.facebook.com\/AutoAdra\/","article_modified_time":"2021-06-29T13:39:46+00:00","og_image":[{"width":791,"height":687,"url":"https:\/\/autoadra.pl\/wp-content\/uploads\/2020\/07\/PART_1520421582375.jpeg","type":"image\/jpeg"}],"twitter_card":"summary_large_image","twitter_misc":{"Szacowany czas czytania":"2 minuty"},"schema":{"@context":"https:\/\/schema.org","@graph":[{"@type":"WebPage","@id":"https:\/\/autoadra.pl\/index.php\/spawanie-plastiku\/","url":"https:\/\/autoadra.pl\/index.php\/spawanie-plastiku\/","name":"Spawanie plastiku - Auto Adra ul. Trzebnicka 31 Wroc\u0142aw 607-685-444","isPartOf":{"@id":"https:\/\/autoadra.pl\/#website"},"primaryImageOfPage":{"@id":"https:\/\/autoadra.pl\/index.php\/spawanie-plastiku\/#primaryimage"},"image":{"@id":"https:\/\/autoadra.pl\/index.php\/spawanie-plastiku\/#primaryimage"},"thumbnailUrl":"https:\/\/autoadra.pl\/wp-content\/uploads\/2020\/07\/PART_1520421582375.jpeg","datePublished":"2020-06-16T12:21:56+00:00","dateModified":"2021-06-29T13:39:46+00:00","description":"Profesjonalne spawanie plastiku \u25cf Plastiki samochodowe \u25cf Regeneracja zderzak\u00f3w \u25cf Szeroki wyb\u00f3r tworzyw sztucznych \u25cf Do\u015bwiadczenie","breadcrumb":{"@id":"https:\/\/autoadra.pl\/index.php\/spawanie-plastiku\/#breadcrumb"},"inLanguage":"pl-PL","potentialAction":[{"@type":"ReadAction","target":["https:\/\/autoadra.pl\/index.php\/spawanie-plastiku\/"]}]},{"@type":"ImageObject","inLanguage":"pl-PL","@id":"https:\/\/autoadra.pl\/index.php\/spawanie-plastiku\/#primaryimage","url":"https:\/\/autoadra.pl\/wp-content\/uploads\/2020\/07\/PART_1520421582375.jpeg","contentUrl":"https:\/\/autoadra.pl\/wp-content\/uploads\/2020\/07\/PART_1520421582375.jpeg","width":791,"height":687,"caption":"P\u0119kni\u0119ty zderzak spawanie plastiku"},{"@type":"BreadcrumbList","@id":"https:\/\/autoadra.pl\/index.php\/spawanie-plastiku\/#breadcrumb","itemListElement":[{"@type":"ListItem","position":1,"name":"Strona g\u0142\u00f3wna","item":"https:\/\/autoadra.pl\/"},{"@type":"ListItem","position":2,"name":"Spawanie plastiku"}]},{"@type":"WebSite","@id":"https:\/\/autoadra.pl\/#website","url":"https:\/\/autoadra.pl\/","name":"Auto Adra","description":"Blacharstwo Lakiernictwo Wroc\u0142aw","publisher":{"@id":"https:\/\/autoadra.pl\/#organization"},"potentialAction":[{"@type":"SearchAction","target":{"@type":"EntryPoint","urlTemplate":"https:\/\/autoadra.pl\/?s={search_term_string}"},"query-input":{"@type":"PropertyValueSpecification","valueRequired":true,"valueName":"search_term_string"}}],"inLanguage":"pl-PL"},{"@type":"Organization","@id":"https:\/\/autoadra.pl\/#organization","name":"Auto Adra","url":"https:\/\/autoadra.pl\/","logo":{"@type":"ImageObject","inLanguage":"pl-PL","@id":"https:\/\/autoadra.pl\/#\/schema\/logo\/image\/","url":"https:\/\/autoadra.pl\/wp-content\/uploads\/2020\/06\/logo_n-czyste-\u2014-kopia-1.png","contentUrl":"https:\/\/autoadra.pl\/wp-content\/uploads\/2020\/06\/logo_n-czyste-\u2014-kopia-1.png","width":450,"height":126,"caption":"Auto Adra"},"image":{"@id":"https:\/\/autoadra.pl\/#\/schema\/logo\/image\/"},"sameAs":["https:\/\/www.facebook.com\/AutoAdra\/"]}]}},"_links":{"self":[{"href":"https:\/\/autoadra.pl\/index.php\/wp-json\/wp\/v2\/pages\/115","targetHints":{"allow":["GET"]}}],"collection":[{"href":"https:\/\/autoadra.pl\/index.php\/wp-json\/wp\/v2\/pages"}],"about":[{"href":"https:\/\/autoadra.pl\/index.php\/wp-json\/wp\/v2\/types\/page"}],"author":[{"embeddable":true,"href":"https:\/\/autoadra.pl\/index.php\/wp-json\/wp\/v2\/users\/1"}],"replies":[{"embeddable":true,"href":"https:\/\/autoadra.pl\/index.php\/wp-json\/wp\/v2\/comments?post=115"}],"version-history":[{"count":9,"href":"https:\/\/autoadra.pl\/index.php\/wp-json\/wp\/v2\/pages\/115\/revisions"}],"predecessor-version":[{"id":428,"href":"https:\/\/autoadra.pl\/index.php\/wp-json\/wp\/v2\/pages\/115\/revisions\/428"}],"wp:featuredmedia":[{"embeddable":true,"href":"https:\/\/autoadra.pl\/index.php\/wp-json\/wp\/v2\/media\/279"}],"wp:attachment":[{"href":"https:\/\/autoadra.pl\/index.php\/wp-json\/wp\/v2\/media?parent=115"}],"curies":[{"name":"wp","href":"https:\/\/api.w.org\/{rel}","templated":true}]}}